{"id":3071,"date":"2020-05-18T08:50:41","date_gmt":"2020-05-18T06:50:41","guid":{"rendered":"https:\/\/ofccouronnes.com\/?page_id=3071"},"modified":"2020-06-24T09:02:46","modified_gmt":"2020-06-24T07:02:46","slug":"actualite-performation","status":"publish","type":"page","link":"https:\/\/ofccouronnes.com\/?page_id=3071","title":{"rendered":"Actualit\u00e9 Performation"},"content":{"rendered":"\t\t<div data-elementor-type=\"wp-post\" data-elementor-id=\"3071\" class=\"elementor elementor-3071\" data-elementor-settings=\"[]\">\n\t\t\t\t\t\t<div class=\"elementor-inner\">\n\t\t\t\t\t\t\t<div class=\"elementor-section-wrap\">\n\t\t\t\t\t\t\t<section class=\"elementor-section elementor-top-section elementor-element elementor-element-4501195f elementor-section-stretched elementor-section-full_width elementor-section-height-default elementor-section-height-default\" data-id=\"4501195f\" data-element_type=\"section\" data-settings=\"{&quot;stretch_section&quot;:&quot;section-stretched&quot;}\">\n\t\t\t\t\t\t\t<div class=\"elementor-background-overlay\"><\/div>\n\t\t\t\t\t\t\t<div class=\"elementor-container elementor-column-gap-extended\">\n\t\t\t\t\t\t\t<div class=\"elementor-row\">\n\t\t\t\t\t<div class=\"elementor-column elementor-col-100 elementor-top-column elementor-element elementor-element-69d96385 sc_inner_width_none sc_layouts_column_icons_position_left\" data-id=\"69d96385\" data-element_type=\"column\">\n\t\t\t<div class=\"elementor-column-wrap elementor-element-populated\">\n\t\t\t\t\t\t\t<div class=\"elementor-widget-wrap\">\n\t\t\t\t\t\t<div class=\"elementor-element elementor-element-4f05c211 sc_fly_static elementor-widget elementor-widget-image\" data-id=\"4f05c211\" data-element_type=\"widget\" data-widget_type=\"image.default\">\n\t\t\t\t<div class=\"elementor-widget-container\">\n\t\t\t\t\t\t\t\t<div class=\"elementor-image\">\n\t\t\t\t\t\t\t\t\t\t\t\t<img width=\"3584\" height=\"324\" src=\"https:\/\/ofccouronnes.com\/wp-content\/uploads\/2020\/06\/Actualit\u00e9-pr\u00e9-formation.png\" class=\"attachment-full size-full\" alt=\"\" loading=\"lazy\" srcset=\"https:\/\/ofccouronnes.com\/wp-content\/uploads\/2020\/06\/Actualit\u00e9-pr\u00e9-formation.png 3584w, https:\/\/ofccouronnes.com\/wp-content\/uploads\/2020\/06\/Actualit\u00e9-pr\u00e9-formation-600x54.png 600w, https:\/\/ofccouronnes.com\/wp-content\/uploads\/2020\/06\/Actualit\u00e9-pr\u00e9-formation-300x27.png 300w, https:\/\/ofccouronnes.com\/wp-content\/uploads\/2020\/06\/Actualit\u00e9-pr\u00e9-formation-1024x93.png 1024w, https:\/\/ofccouronnes.com\/wp-content\/uploads\/2020\/06\/Actualit\u00e9-pr\u00e9-formation-768x69.png 768w, https:\/\/ofccouronnes.com\/wp-content\/uploads\/2020\/06\/Actualit\u00e9-pr\u00e9-formation-1536x139.png 1536w, https:\/\/ofccouronnes.com\/wp-content\/uploads\/2020\/06\/Actualit\u00e9-pr\u00e9-formation-2048x185.png 2048w, https:\/\/ofccouronnes.com\/wp-content\/uploads\/2020\/06\/Actualit\u00e9-pr\u00e9-formation-500x45.png 500w, https:\/\/ofccouronnes.com\/wp-content\/uploads\/2020\/06\/Actualit\u00e9-pr\u00e9-formation-400x36.png 400w, https:\/\/ofccouronnes.com\/wp-content\/uploads\/2020\/06\/Actualit\u00e9-pr\u00e9-formation-32x3.png 32w, https:\/\/ofccouronnes.com\/wp-content\/uploads\/2020\/06\/Actualit\u00e9-pr\u00e9-formation-370x33.png 370w, https:\/\/ofccouronnes.com\/wp-content\/uploads\/2020\/06\/Actualit\u00e9-pr\u00e9-formation-818x74.png 818w, https:\/\/ofccouronnes.com\/wp-content\/uploads\/2020\/06\/Actualit\u00e9-pr\u00e9-formation-406x37.png 406w\" sizes=\"(max-width: 3584px) 100vw, 3584px\" \/>\t\t\t\t\t\t\t\t\t\t\t\t\t\t<\/div>\n\t\t\t\t\t\t<\/div>\n\t\t\t\t<\/div>\n\t\t\t\t\t\t<\/div>\n\t\t\t\t\t<\/div>\n\t\t<\/div>\n\t\t\t\t\t\t\t\t<\/div>\n\t\t\t\t\t<\/div>\n\t\t<\/section>\n\t\t\t\t<section class=\"elementor-section elementor-top-section elementor-element elementor-element-67226fc elementor-section-boxed elementor-section-height-default elementor-section-height-default\" data-id=\"67226fc\" data-element_type=\"section\">\n\t\t\t\t\t\t<div class=\"elementor-container elementor-column-gap-extended\">\n\t\t\t\t\t\t\t<div class=\"elementor-row\">\n\t\t\t\t\t<div class=\"elementor-column elementor-col-100 elementor-top-column elementor-element elementor-element-d43090f sc_inner_width_none sc_layouts_column_icons_position_left\" data-id=\"d43090f\" data-element_type=\"column\">\n\t\t\t<div class=\"elementor-column-wrap elementor-element-populated\">\n\t\t\t\t\t\t\t<div class=\"elementor-widget-wrap\">\n\t\t\t\t\t\t<div class=\"elementor-element elementor-element-291d533 sc_fly_static elementor-widget elementor-widget-spacer\" data-id=\"291d533\" data-element_type=\"widget\" data-widget_type=\"spacer.default\">\n\t\t\t\t<div class=\"elementor-widget-container\">\n\t\t\t\t\t<div class=\"elementor-spacer\">\n\t\t\t<div class=\"elementor-spacer-inner\"><\/div>\n\t\t<\/div>\n\t\t\t\t<\/div>\n\t\t\t\t<\/div>\n\t\t\t\t\t\t<\/div>\n\t\t\t\t\t<\/div>\n\t\t<\/div>\n\t\t\t\t\t\t\t\t<\/div>\n\t\t\t\t\t<\/div>\n\t\t<\/section>\n\t\t\t\t<section class=\"elementor-section elementor-top-section elementor-element elementor-element-52a91e74 elementor-section-stretched elementor-section-full_width elementor-section-height-default elementor-section-height-default\" data-id=\"52a91e74\" data-element_type=\"section\" data-settings=\"{&quot;stretch_section&quot;:&quot;section-stretched&quot;}\">\n\t\t\t\t\t\t<div class=\"elementor-container elementor-column-gap-extended\">\n\t\t\t\t\t\t\t<div class=\"elementor-row\">\n\t\t\t\t\t<div class=\"elementor-column elementor-col-50 elementor-top-column elementor-element elementor-element-43332c09 sc_inner_width_none sc_layouts_column_icons_position_left\" data-id=\"43332c09\" data-element_type=\"column\">\n\t\t\t<div class=\"elementor-column-wrap elementor-element-populated\">\n\t\t\t\t\t\t\t<div class=\"elementor-widget-wrap\">\n\t\t\t\t\t\t<div class=\"elementor-element elementor-element-29df1eb0 sc_fly_static elementor-widget elementor-widget-trx_sc_recent_news\" data-id=\"29df1eb0\" data-element_type=\"widget\" data-widget_type=\"trx_sc_recent_news.default\">\n\t\t\t\t<div class=\"elementor-widget-container\">\n\t\t\t<div id=\"trx_sc_recent_news_889439963\" class=\"sc_recent_news sc_recent_news_style_news-excerpt sc_recent_news_with_accented\"><article \n\tclass=\"post_item post_layout_news-excerpt post_format_standard post-7649 post type-post status-publish format-standard has-post-thumbnail hentry category-club category-ecole-de-foot category-formation category-initiation-foot category-news category-pre-formation\"\t\t>\n\n\t<div class=\"post_featured with_thumb hover_simple\"><img width=\"260\" height=\"240\" src=\"https:\/\/ofccouronnes.com\/wp-content\/uploads\/2024\/01\/20240115_193614-260x240.png\" class=\"attachment-fcunited-thumb-plain size-fcunited-thumb-plain wp-post-image\" alt=\"\" loading=\"lazy\" \/>\t\t\t\t\t\t<div class=\"mask\"><\/div>\n\t\t\t\t\t\t\t\t\t<a href=\"https:\/\/ofccouronnes.com\/?p=7649\"  aria-hidden=\"true\" class=\"icons\"><\/a>\n\t\t\t<\/div>\n\t<div class=\"post_body\">\n\n\t\t\t\t\t<div class=\"post_header entry-header\">\n\t\t\t\t\t\t<div class=\"post_meta\">\n\t\t\t<span class=\"post_meta_item post_categories\"><a href=\"https:\/\/ofccouronnes.com\/?cat=142\" rel=\"category\">Club<\/a> <a href=\"https:\/\/ofccouronnes.com\/?cat=140\" rel=\"category\">\u00c9cole de foot<\/a> <a href=\"https:\/\/ofccouronnes.com\/?cat=138\" rel=\"category\">Formation<\/a> <a href=\"https:\/\/ofccouronnes.com\/?cat=141\" rel=\"category\">Initiation foot<\/a> <a href=\"https:\/\/ofccouronnes.com\/?cat=17\" rel=\"category\">News<\/a> <a href=\"https:\/\/ofccouronnes.com\/?cat=139\" rel=\"category\">Pr\u00e9-formation<\/a><\/span> <span class=\"post_meta_item post_date\"><a href=\"https:\/\/ofccouronnes.com\/?p=7649\">20 janvier 2024<\/a><\/span> \t\t<\/div><!-- .post_meta -->\n\t\t<h4 class=\"post_title entry-title\"><a href=\"https:\/\/ofccouronnes.com\/?p=7649\" rel=\"bookmark\">Label jeune espoir pour l&#8217;OFCC<\/a><\/h4>\t\t\t<\/div><!-- .entry-header -->\n\t\t\t\t\t\n\t\t<div class=\"post_content entry-content\">\n\t\t\tLe club \u00e0 r\u00e9ussi \u00e0 avoir le label jeune espoir d\u00e9livr\u00e9 par la F\u00e9d\u00e9ration Fran\u00e7aise de Football jusqu'en 2026. Cela vient r\u00e9compenser le travail du&hellip;\t\t<\/div><!-- .entry-content -->\n\n\t<\/div><!-- .post_body -->\n\n<\/article><\/div><!-- \/.sc_recent_news -->\t\t<\/div>\n\t\t\t\t<\/div>\n\t\t\t\t<div class=\"elementor-element elementor-element-40781310 sc_fly_static elementor-widget elementor-widget-spacer\" data-id=\"40781310\" data-element_type=\"widget\" data-widget_type=\"spacer.default\">\n\t\t\t\t<div class=\"elementor-widget-container\">\n\t\t\t\t\t<div class=\"elementor-spacer\">\n\t\t\t<div class=\"elementor-spacer-inner\"><\/div>\n\t\t<\/div>\n\t\t\t\t<\/div>\n\t\t\t\t<\/div>\n\t\t\t\t<div class=\"elementor-element elementor-element-6467d9f4 sc_fly_static elementor-widget elementor-widget-trx_sc_recent_news\" data-id=\"6467d9f4\" data-element_type=\"widget\" data-widget_type=\"trx_sc_recent_news.default\">\n\t\t\t\t<div class=\"elementor-widget-container\">\n\t\t\t<div id=\"trx_sc_recent_news_1860309878\" class=\"sc_recent_news sc_recent_news_style_news-excerpt sc_recent_news_with_accented\"><article \n\tclass=\"post_item post_layout_news-excerpt post_format_standard post-6903 post type-post status-publish format-standard has-post-thumbnail hentry category-pre-formation\"\t\t>\n\n\t<div class=\"post_featured with_thumb hover_simple\"><img width=\"198\" height=\"240\" src=\"https:\/\/ofccouronnes.com\/wp-content\/uploads\/2023\/05\/champion-198x240.jpg\" class=\"attachment-fcunited-thumb-plain size-fcunited-thumb-plain wp-post-image\" alt=\"\" loading=\"lazy\" \/>\t\t\t\t\t\t<div class=\"mask\"><\/div>\n\t\t\t\t\t\t\t\t\t<a href=\"https:\/\/ofccouronnes.com\/?p=6903\"  aria-hidden=\"true\" class=\"icons\"><\/a>\n\t\t\t<\/div>\n\t<div class=\"post_body\">\n\n\t\t\t\t\t<div class=\"post_header entry-header\">\n\t\t\t\t\t\t<div class=\"post_meta\">\n\t\t\t<span class=\"post_meta_item post_categories\"><a href=\"https:\/\/ofccouronnes.com\/?cat=139\" rel=\"category\">Pr\u00e9-formation<\/a><\/span> <span class=\"post_meta_item post_date\"><a href=\"https:\/\/ofccouronnes.com\/?p=6903\">15 mai 2023<\/a><\/span> \t\t<\/div><!-- .post_meta -->\n\t\t<h4 class=\"post_title entry-title\"><a href=\"https:\/\/ofccouronnes.com\/?p=6903\" rel=\"bookmark\">Compl\u00e8tement&#8230; &#8220;champion&#8221; &#8230;fou<\/a><\/h4>\t\t\t<\/div><!-- .entry-header -->\n\t\t\t\t\t\n\t\t<div class=\"post_content entry-content\">\n\t\t\tNotre groupe U14 r\u00e9alise deux faits historiques\n\nLa premi\u00e8re, faire monter les deux groupes en division sup\u00e9rieure en \u00e9tant champion.\nLa derni\u00e8re et unique fois que cela&hellip;\t\t<\/div><!-- .entry-content -->\n\n\t<\/div><!-- .post_body -->\n\n<\/article><\/div><!-- \/.sc_recent_news -->\t\t<\/div>\n\t\t\t\t<\/div>\n\t\t\t\t\t\t<\/div>\n\t\t\t\t\t<\/div>\n\t\t<\/div>\n\t\t\t\t<div class=\"elementor-column elementor-col-50 elementor-top-column elementor-element elementor-element-91d2038 sc_inner_width_none sc_layouts_column_icons_position_left\" data-id=\"91d2038\" data-element_type=\"column\">\n\t\t\t<div class=\"elementor-column-wrap elementor-element-populated\">\n\t\t\t\t\t\t\t<div class=\"elementor-widget-wrap\">\n\t\t\t\t\t\t<div class=\"elementor-element elementor-element-1e42930 sc_fly_static elementor-widget elementor-widget-trx_sc_recent_news\" data-id=\"1e42930\" data-element_type=\"widget\" data-widget_type=\"trx_sc_recent_news.default\">\n\t\t\t\t<div class=\"elementor-widget-container\">\n\t\t\t<div id=\"trx_sc_recent_news_1702501547\" class=\"sc_recent_news sc_recent_news_style_news-excerpt sc_recent_news_with_accented\"><article \n\tclass=\"post_item post_layout_news-excerpt post_format_standard post-6843 post type-post status-publish format-standard has-post-thumbnail hentry category-pre-formation\"\t\t>\n\n\t<div class=\"post_featured with_thumb hover_simple\"><img width=\"260\" height=\"240\" src=\"https:\/\/ofccouronnes.com\/wp-content\/uploads\/2023\/01\/IMG-20230122-WA0026-260x240.jpg\" class=\"attachment-fcunited-thumb-plain size-fcunited-thumb-plain wp-post-image\" alt=\"\" loading=\"lazy\" \/>\t\t\t\t\t\t<div class=\"mask\"><\/div>\n\t\t\t\t\t\t\t\t\t<a href=\"https:\/\/ofccouronnes.com\/?p=6843\"  aria-hidden=\"true\" class=\"icons\"><\/a>\n\t\t\t<\/div>\n\t<div class=\"post_body\">\n\n\t\t\t\t\t<div class=\"post_header entry-header\">\n\t\t\t\t\t\t<div class=\"post_meta\">\n\t\t\t<span class=\"post_meta_item post_categories\"><a href=\"https:\/\/ofccouronnes.com\/?cat=139\" rel=\"category\">Pr\u00e9-formation<\/a><\/span> <span class=\"post_meta_item post_date\"><a href=\"https:\/\/ofccouronnes.com\/?p=6843\">28 janvier 2023<\/a><\/span> \t\t<\/div><!-- .post_meta -->\n\t\t<h4 class=\"post_title entry-title\"><a href=\"https:\/\/ofccouronnes.com\/?p=6843\" rel=\"bookmark\">Voyage Aller, Parfait.<\/a><\/h4>\t\t\t<\/div><!-- .entry-header -->\n\t\t\t\t\t\n\t\t<div class=\"post_content entry-content\">\n\t\t\tNos U14, r\u00e9alisent un sans faute sur la phase aller dans cette division 2 en finissant en apoth\u00e9ose contre Paris Al\u00e9sia. cette \u00e9quipe est en&hellip;\t\t<\/div><!-- .entry-content -->\n\n\t<\/div><!-- .post_body -->\n\n<\/article><\/div><!-- \/.sc_recent_news -->\t\t<\/div>\n\t\t\t\t<\/div>\n\t\t\t\t<div class=\"elementor-element elementor-element-de1613b sc_fly_static elementor-widget elementor-widget-spacer\" data-id=\"de1613b\" data-element_type=\"widget\" data-widget_type=\"spacer.default\">\n\t\t\t\t<div class=\"elementor-widget-container\">\n\t\t\t\t\t<div class=\"elementor-spacer\">\n\t\t\t<div class=\"elementor-spacer-inner\"><\/div>\n\t\t<\/div>\n\t\t\t\t<\/div>\n\t\t\t\t<\/div>\n\t\t\t\t<div class=\"elementor-element elementor-element-55347f78 sc_fly_static elementor-widget elementor-widget-trx_sc_recent_news\" data-id=\"55347f78\" data-element_type=\"widget\" data-widget_type=\"trx_sc_recent_news.default\">\n\t\t\t\t<div class=\"elementor-widget-container\">\n\t\t\t<div id=\"trx_sc_recent_news_338866176\" class=\"sc_recent_news sc_recent_news_style_news-excerpt sc_recent_news_with_accented\"><article \n\tclass=\"post_item post_layout_news-excerpt post_format_standard post-6798 post type-post status-publish format-standard has-post-thumbnail hentry category-ecole-de-foot category-initiation-foot category-pre-formation\"\t\t>\n\n\t<div class=\"post_featured with_thumb hover_simple\"><img width=\"75\" height=\"107\" src=\"https:\/\/ofccouronnes.com\/wp-content\/uploads\/2021\/06\/District75-1-e1624584220760.png\" class=\"attachment-fcunited-thumb-plain size-fcunited-thumb-plain wp-post-image\" alt=\"\" loading=\"lazy\" \/>\t\t\t\t\t\t<div class=\"mask\"><\/div>\n\t\t\t\t\t\t\t\t\t<a href=\"https:\/\/ofccouronnes.com\/?p=6798\"  aria-hidden=\"true\" class=\"icons\"><\/a>\n\t\t\t<\/div>\n\t<div class=\"post_body\">\n\n\t\t\t\t\t<div class=\"post_header entry-header\">\n\t\t\t\t\t\t<div class=\"post_meta\">\n\t\t\t<span class=\"post_meta_item post_categories\"><a href=\"https:\/\/ofccouronnes.com\/?cat=140\" rel=\"category\">\u00c9cole de foot<\/a> <a href=\"https:\/\/ofccouronnes.com\/?cat=141\" rel=\"category\">Initiation foot<\/a> <a href=\"https:\/\/ofccouronnes.com\/?cat=139\" rel=\"category\">Pr\u00e9-formation<\/a><\/span> <span class=\"post_meta_item post_date\"><a href=\"https:\/\/ofccouronnes.com\/?p=6798\">8 d\u00e9cembre 2022<\/a><\/span> \t\t<\/div><!-- .post_meta -->\n\t\t<h4 class=\"post_title entry-title\"><a href=\"https:\/\/ofccouronnes.com\/?p=6798\" rel=\"bookmark\">Foot Animation : La derni\u00e8re de 2022<\/a><\/h4>\t\t\t<\/div><!-- .entry-header -->\n\t\t\t\t\t\n\t\t<div class=\"post_content entry-content\">\n\t\t\tSamedi 17 d\u00e9cembre aura lieu les derniers matchs de cette ann\u00e9e 2022, et ce sera la coupe d\u00e9partementale de Paris. VOICI LE TIRAGE AU SORT&hellip;\t\t<\/div><!-- .entry-content -->\n\n\t<\/div><!-- .post_body -->\n\n<\/article><\/div><!-- \/.sc_recent_news -->\t\t<\/div>\n\t\t\t\t<\/div>\n\t\t\t\t\t\t<\/div>\n\t\t\t\t\t<\/div>\n\t\t<\/div>\n\t\t\t\t\t\t\t\t<\/div>\n\t\t\t\t\t<\/div>\n\t\t<\/section>\n\t\t\t\t<section class=\"elementor-section elementor-top-section elementor-element elementor-element-ac8ca9b elementor-section-boxed elementor-section-height-default elementor-section-height-default\" data-id=\"ac8ca9b\" data-element_type=\"section\">\n\t\t\t\t\t\t<div class=\"elementor-container elementor-column-gap-extended\">\n\t\t\t\t\t\t\t<div class=\"elementor-row\">\n\t\t\t\t\t<div class=\"elementor-column elementor-col-100 elementor-top-column elementor-element elementor-element-260b8ca sc_inner_width_none sc_layouts_column_icons_position_left\" data-id=\"260b8ca\" data-element_type=\"column\">\n\t\t\t<div class=\"elementor-column-wrap elementor-element-populated\">\n\t\t\t\t\t\t\t<div class=\"elementor-widget-wrap\">\n\t\t\t\t\t\t<div class=\"elementor-element elementor-element-74601bf sc_fly_static elementor-widget elementor-widget-spacer\" data-id=\"74601bf\" data-element_type=\"widget\" data-widget_type=\"spacer.default\">\n\t\t\t\t<div class=\"elementor-widget-container\">\n\t\t\t\t\t<div class=\"elementor-spacer\">\n\t\t\t<div class=\"elementor-spacer-inner\"><\/div>\n\t\t<\/div>\n\t\t\t\t<\/div>\n\t\t\t\t<\/div>\n\t\t\t\t\t\t<\/div>\n\t\t\t\t\t<\/div>\n\t\t<\/div>\n\t\t\t\t\t\t\t\t<\/div>\n\t\t\t\t\t<\/div>\n\t\t<\/section>\n\t\t\t\t\t\t<\/div>\n\t\t\t\t\t\t<\/div>\n\t\t\t\t\t<\/div>\n\t\t","protected":false},"excerpt":{"rendered":"","protected":false},"author":1,"featured_media":0,"parent":0,"menu_order":0,"comment_status":"closed","ping_status":"closed","template":"","meta":[],"yoast_head":"<!-- This site is optimized with the Yoast SEO plugin v18.4.1 - https:\/\/yoast.com\/wordpress\/plugins\/seo\/ -->\n<title>Actualit\u00e9 Performation | OFC Couronnes | Site officiel de l&#039;OFCC<\/title>\n<meta name=\"robots\" content=\"index, follow, max-snippet:-1, max-image-preview:large, max-video-preview:-1\" \/>\n<link rel=\"canonical\" href=\"https:\/\/ofccouronnes.com\/?page_id=3071\" \/>\n<meta property=\"og:locale\" content=\"fr_FR\" \/>\n<meta property=\"og:type\" content=\"article\" \/>\n<meta property=\"og:title\" content=\"Actualit\u00e9 Performation | OFC Couronnes | Site officiel de l&#039;OFCC\" \/>\n<meta property=\"og:url\" content=\"https:\/\/ofccouronnes.com\/?page_id=3071\" \/>\n<meta property=\"og:site_name\" content=\"OFC Couronnes | Site officiel de l&#039;OFCC\" \/>\n<meta property=\"article:publisher\" content=\"https:\/\/fr-fr.facebook.com\/ofccouronnes\/\" \/>\n<meta property=\"article:modified_time\" content=\"2020-06-24T07:02:46+00:00\" \/>\n<meta property=\"og:image\" content=\"https:\/\/ofccouronnes.com\/wp-content\/uploads\/2020\/06\/Actualit\u00e9-pr\u00e9-formation.png\" \/>\n<meta name=\"twitter:card\" content=\"summary_large_image\" \/>\n<meta name=\"twitter:site\" content=\"@ofccouronnes\" \/>\n<script type=\"application\/ld+json\" class=\"yoast-schema-graph\">{\"@context\":\"https:\/\/schema.org\",\"@graph\":[{\"@type\":\"Organization\",\"@id\":\"https:\/\/ofccouronnes.com\/#organization\",\"name\":\"OFC Couronnes | Site officiel de l'OFCC\",\"url\":\"https:\/\/ofccouronnes.com\/\",\"sameAs\":[\"https:\/\/fr-fr.facebook.com\/ofccouronnes\/\",\"https:\/\/www.instagram.com\/ofc_couronnes\/?hl=fr\",\"https:\/\/twitter.com\/ofccouronnes\"],\"logo\":{\"@type\":\"ImageObject\",\"@id\":\"https:\/\/ofccouronnes.com\/#logo\",\"inLanguage\":\"fr-FR\",\"url\":\"https:\/\/ofccouronnes.com\/wp-content\/uploads\/2020\/05\/LOGO_BLACK-2.png\",\"contentUrl\":\"https:\/\/ofccouronnes.com\/wp-content\/uploads\/2020\/05\/LOGO_BLACK-2.png\",\"width\":5148,\"height\":4410,\"caption\":\"OFC Couronnes | Site officiel de l'OFCC\"},\"image\":{\"@id\":\"https:\/\/ofccouronnes.com\/#logo\"}},{\"@type\":\"WebSite\",\"@id\":\"https:\/\/ofccouronnes.com\/#website\",\"url\":\"https:\/\/ofccouronnes.com\/\",\"name\":\"OFC Couronnes | Site officiel de l'OFCC\",\"description\":\"Une passion, une ambition, bien plus qu&#039;un club\",\"publisher\":{\"@id\":\"https:\/\/ofccouronnes.com\/#organization\"},\"potentialAction\":[{\"@type\":\"SearchAction\",\"target\":{\"@type\":\"EntryPoint\",\"urlTemplate\":\"https:\/\/ofccouronnes.com\/?s={search_term_string}\"},\"query-input\":\"required name=search_term_string\"}],\"inLanguage\":\"fr-FR\"},{\"@type\":\"ImageObject\",\"@id\":\"https:\/\/ofccouronnes.com\/?page_id=3071#primaryimage\",\"inLanguage\":\"fr-FR\",\"url\":\"https:\/\/ofccouronnes.com\/wp-content\/uploads\/2020\/06\/Actualit\u00e9-pr\u00e9-formation.png\",\"contentUrl\":\"https:\/\/ofccouronnes.com\/wp-content\/uploads\/2020\/06\/Actualit\u00e9-pr\u00e9-formation.png\",\"width\":3584,\"height\":324},{\"@type\":\"WebPage\",\"@id\":\"https:\/\/ofccouronnes.com\/?page_id=3071#webpage\",\"url\":\"https:\/\/ofccouronnes.com\/?page_id=3071\",\"name\":\"Actualit\u00e9 Performation | OFC Couronnes | Site officiel de l&#039;OFCC\",\"isPartOf\":{\"@id\":\"https:\/\/ofccouronnes.com\/#website\"},\"primaryImageOfPage\":{\"@id\":\"https:\/\/ofccouronnes.com\/?page_id=3071#primaryimage\"},\"datePublished\":\"2020-05-18T06:50:41+00:00\",\"dateModified\":\"2020-06-24T07:02:46+00:00\",\"breadcrumb\":{\"@id\":\"https:\/\/ofccouronnes.com\/?page_id=3071#breadcrumb\"},\"inLanguage\":\"fr-FR\",\"potentialAction\":[{\"@type\":\"ReadAction\",\"target\":[\"https:\/\/ofccouronnes.com\/?page_id=3071\"]}]},{\"@type\":\"BreadcrumbList\",\"@id\":\"https:\/\/ofccouronnes.com\/?page_id=3071#breadcrumb\",\"itemListElement\":[{\"@type\":\"ListItem\",\"position\":1,\"name\":\"Accueil\",\"item\":\"https:\/\/ofccouronnes.com\/\"},{\"@type\":\"ListItem\",\"position\":2,\"name\":\"Actualit\u00e9 Performation\"}]}]}<\/script>\n<!-- \/ Yoast SEO plugin. -->","yoast_head_json":{"title":"Actualit\u00e9 Performation | OFC Couronnes | Site officiel de l&#039;OFCC","robots":{"index":"index","follow":"follow","max-snippet":"max-snippet:-1","max-image-preview":"max-image-preview:large","max-video-preview":"max-video-preview:-1"},"canonical":"https:\/\/ofccouronnes.com\/?page_id=3071","og_locale":"fr_FR","og_type":"article","og_title":"Actualit\u00e9 Performation | OFC Couronnes | Site officiel de l&#039;OFCC","og_url":"https:\/\/ofccouronnes.com\/?page_id=3071","og_site_name":"OFC Couronnes | Site officiel de l&#039;OFCC","article_publisher":"https:\/\/fr-fr.facebook.com\/ofccouronnes\/","article_modified_time":"2020-06-24T07:02:46+00:00","og_image":[{"url":"https:\/\/ofccouronnes.com\/wp-content\/uploads\/2020\/06\/Actualit\u00e9-pr\u00e9-formation.png"}],"twitter_card":"summary_large_image","twitter_site":"@ofccouronnes","schema":{"@context":"https:\/\/schema.org","@graph":[{"@type":"Organization","@id":"https:\/\/ofccouronnes.com\/#organization","name":"OFC Couronnes | Site officiel de l'OFCC","url":"https:\/\/ofccouronnes.com\/","sameAs":["https:\/\/fr-fr.facebook.com\/ofccouronnes\/","https:\/\/www.instagram.com\/ofc_couronnes\/?hl=fr","https:\/\/twitter.com\/ofccouronnes"],"logo":{"@type":"ImageObject","@id":"https:\/\/ofccouronnes.com\/#logo","inLanguage":"fr-FR","url":"https:\/\/ofccouronnes.com\/wp-content\/uploads\/2020\/05\/LOGO_BLACK-2.png","contentUrl":"https:\/\/ofccouronnes.com\/wp-content\/uploads\/2020\/05\/LOGO_BLACK-2.png","width":5148,"height":4410,"caption":"OFC Couronnes | Site officiel de l'OFCC"},"image":{"@id":"https:\/\/ofccouronnes.com\/#logo"}},{"@type":"WebSite","@id":"https:\/\/ofccouronnes.com\/#website","url":"https:\/\/ofccouronnes.com\/","name":"OFC Couronnes | Site officiel de l'OFCC","description":"Une passion, une ambition, bien plus qu&#039;un club","publisher":{"@id":"https:\/\/ofccouronnes.com\/#organization"},"potentialAction":[{"@type":"SearchAction","target":{"@type":"EntryPoint","urlTemplate":"https:\/\/ofccouronnes.com\/?s={search_term_string}"},"query-input":"required name=search_term_string"}],"inLanguage":"fr-FR"},{"@type":"ImageObject","@id":"https:\/\/ofccouronnes.com\/?page_id=3071#primaryimage","inLanguage":"fr-FR","url":"https:\/\/ofccouronnes.com\/wp-content\/uploads\/2020\/06\/Actualit\u00e9-pr\u00e9-formation.png","contentUrl":"https:\/\/ofccouronnes.com\/wp-content\/uploads\/2020\/06\/Actualit\u00e9-pr\u00e9-formation.png","width":3584,"height":324},{"@type":"WebPage","@id":"https:\/\/ofccouronnes.com\/?page_id=3071#webpage","url":"https:\/\/ofccouronnes.com\/?page_id=3071","name":"Actualit\u00e9 Performation | OFC Couronnes | Site officiel de l&#039;OFCC","isPartOf":{"@id":"https:\/\/ofccouronnes.com\/#website"},"primaryImageOfPage":{"@id":"https:\/\/ofccouronnes.com\/?page_id=3071#primaryimage"},"datePublished":"2020-05-18T06:50:41+00:00","dateModified":"2020-06-24T07:02:46+00:00","breadcrumb":{"@id":"https:\/\/ofccouronnes.com\/?page_id=3071#breadcrumb"},"inLanguage":"fr-FR","potentialAction":[{"@type":"ReadAction","target":["https:\/\/ofccouronnes.com\/?page_id=3071"]}]},{"@type":"BreadcrumbList","@id":"https:\/\/ofccouronnes.com\/?page_id=3071#breadcrumb","itemListElement":[{"@type":"ListItem","position":1,"name":"Accueil","item":"https:\/\/ofccouronnes.com\/"},{"@type":"ListItem","position":2,"name":"Actualit\u00e9 Performation"}]}]}},"_links":{"self":[{"href":"https:\/\/ofccouronnes.com\/index.php?rest_route=\/wp\/v2\/pages\/3071"}],"collection":[{"href":"https:\/\/ofccouronnes.com\/index.php?rest_route=\/wp\/v2\/pages"}],"about":[{"href":"https:\/\/ofccouronnes.com\/index.php?rest_route=\/wp\/v2\/types\/page"}],"author":[{"embeddable":true,"href":"https:\/\/ofccouronnes.com\/index.php?rest_route=\/wp\/v2\/users\/1"}],"replies":[{"embeddable":true,"href":"https:\/\/ofccouronnes.com\/index.php?rest_route=%2Fwp%2Fv2%2Fcomments&post=3071"}],"version-history":[{"count":10,"href":"https:\/\/ofccouronnes.com\/index.php?rest_route=\/wp\/v2\/pages\/3071\/revisions"}],"predecessor-version":[{"id":4284,"href":"https:\/\/ofccouronnes.com\/index.php?rest_route=\/wp\/v2\/pages\/3071\/revisions\/4284"}],"wp:attachment":[{"href":"https:\/\/ofccouronnes.com\/index.php?rest_route=%2Fwp%2Fv2%2Fmedia&parent=3071"}],"curies":[{"name":"wp","href":"https:\/\/api.w.org\/{rel}","templated":true}]}}