{"id":3068,"date":"2020-05-18T08:49:22","date_gmt":"2020-05-18T06:49:22","guid":{"rendered":"https:\/\/ofccouronnes.com\/?page_id=3068"},"modified":"2020-06-24T09:02:17","modified_gmt":"2020-06-24T07:02:17","slug":"actualite-formation","status":"publish","type":"page","link":"https:\/\/ofccouronnes.com\/?page_id=3068","title":{"rendered":"Actualit\u00e9 Formation"},"content":{"rendered":"\t\t<div data-elementor-type=\"wp-post\" data-elementor-id=\"3068\" class=\"elementor elementor-3068\" data-elementor-settings=\"[]\">\n\t\t\t\t\t\t<div class=\"elementor-inner\">\n\t\t\t\t\t\t\t<div class=\"elementor-section-wrap\">\n\t\t\t\t\t\t\t<section class=\"elementor-section elementor-top-section elementor-element elementor-element-3830964a elementor-section-stretched elementor-section-full_width elementor-section-height-default elementor-section-height-default\" data-id=\"3830964a\" data-element_type=\"section\" data-settings=\"{&quot;stretch_section&quot;:&quot;section-stretched&quot;}\">\n\t\t\t\t\t\t\t<div class=\"elementor-background-overlay\"><\/div>\n\t\t\t\t\t\t\t<div class=\"elementor-container elementor-column-gap-extended\">\n\t\t\t\t\t\t\t<div class=\"elementor-row\">\n\t\t\t\t\t<div class=\"elementor-column elementor-col-100 elementor-top-column elementor-element elementor-element-2b1423d9 sc_inner_width_none sc_layouts_column_icons_position_left\" data-id=\"2b1423d9\" data-element_type=\"column\">\n\t\t\t<div class=\"elementor-column-wrap elementor-element-populated\">\n\t\t\t\t\t\t\t<div class=\"elementor-widget-wrap\">\n\t\t\t\t\t\t<div class=\"elementor-element elementor-element-7bca804d sc_fly_static elementor-widget elementor-widget-image\" data-id=\"7bca804d\" data-element_type=\"widget\" data-widget_type=\"image.default\">\n\t\t\t\t<div class=\"elementor-widget-container\">\n\t\t\t\t\t\t\t\t<div class=\"elementor-image\">\n\t\t\t\t\t\t\t\t\t\t\t\t<img width=\"3584\" height=\"324\" src=\"https:\/\/ofccouronnes.com\/wp-content\/uploads\/2020\/06\/Actualit\u00e9s-formation.png\" class=\"attachment-full size-full\" alt=\"\" loading=\"lazy\" srcset=\"https:\/\/ofccouronnes.com\/wp-content\/uploads\/2020\/06\/Actualit\u00e9s-formation.png 3584w, https:\/\/ofccouronnes.com\/wp-content\/uploads\/2020\/06\/Actualit\u00e9s-formation-600x54.png 600w, https:\/\/ofccouronnes.com\/wp-content\/uploads\/2020\/06\/Actualit\u00e9s-formation-300x27.png 300w, https:\/\/ofccouronnes.com\/wp-content\/uploads\/2020\/06\/Actualit\u00e9s-formation-1024x93.png 1024w, https:\/\/ofccouronnes.com\/wp-content\/uploads\/2020\/06\/Actualit\u00e9s-formation-768x69.png 768w, https:\/\/ofccouronnes.com\/wp-content\/uploads\/2020\/06\/Actualit\u00e9s-formation-1536x139.png 1536w, https:\/\/ofccouronnes.com\/wp-content\/uploads\/2020\/06\/Actualit\u00e9s-formation-2048x185.png 2048w, https:\/\/ofccouronnes.com\/wp-content\/uploads\/2020\/06\/Actualit\u00e9s-formation-500x45.png 500w, https:\/\/ofccouronnes.com\/wp-content\/uploads\/2020\/06\/Actualit\u00e9s-formation-400x36.png 400w, https:\/\/ofccouronnes.com\/wp-content\/uploads\/2020\/06\/Actualit\u00e9s-formation-32x3.png 32w, https:\/\/ofccouronnes.com\/wp-content\/uploads\/2020\/06\/Actualit\u00e9s-formation-370x33.png 370w, https:\/\/ofccouronnes.com\/wp-content\/uploads\/2020\/06\/Actualit\u00e9s-formation-818x74.png 818w, https:\/\/ofccouronnes.com\/wp-content\/uploads\/2020\/06\/Actualit\u00e9s-formation-406x37.png 406w\" sizes=\"(max-width: 3584px) 100vw, 3584px\" \/>\t\t\t\t\t\t\t\t\t\t\t\t\t\t<\/div>\n\t\t\t\t\t\t<\/div>\n\t\t\t\t<\/div>\n\t\t\t\t\t\t<\/div>\n\t\t\t\t\t<\/div>\n\t\t<\/div>\n\t\t\t\t\t\t\t\t<\/div>\n\t\t\t\t\t<\/div>\n\t\t<\/section>\n\t\t\t\t<section class=\"elementor-section elementor-top-section elementor-element elementor-element-01bfc14 elementor-section-boxed elementor-section-height-default elementor-section-height-default\" data-id=\"01bfc14\" data-element_type=\"section\">\n\t\t\t\t\t\t<div class=\"elementor-container elementor-column-gap-extended\">\n\t\t\t\t\t\t\t<div class=\"elementor-row\">\n\t\t\t\t\t<div class=\"elementor-column elementor-col-100 elementor-top-column elementor-element elementor-element-4402eb5 sc_inner_width_none sc_layouts_column_icons_position_left\" data-id=\"4402eb5\" data-element_type=\"column\">\n\t\t\t<div class=\"elementor-column-wrap elementor-element-populated\">\n\t\t\t\t\t\t\t<div class=\"elementor-widget-wrap\">\n\t\t\t\t\t\t<div class=\"elementor-element elementor-element-92f40ba sc_fly_static elementor-widget elementor-widget-spacer\" data-id=\"92f40ba\" data-element_type=\"widget\" data-widget_type=\"spacer.default\">\n\t\t\t\t<div class=\"elementor-widget-container\">\n\t\t\t\t\t<div class=\"elementor-spacer\">\n\t\t\t<div class=\"elementor-spacer-inner\"><\/div>\n\t\t<\/div>\n\t\t\t\t<\/div>\n\t\t\t\t<\/div>\n\t\t\t\t\t\t<\/div>\n\t\t\t\t\t<\/div>\n\t\t<\/div>\n\t\t\t\t\t\t\t\t<\/div>\n\t\t\t\t\t<\/div>\n\t\t<\/section>\n\t\t\t\t<section class=\"elementor-section elementor-top-section elementor-element elementor-element-31b56ed elementor-section-stretched elementor-section-full_width elementor-section-height-default elementor-section-height-default\" data-id=\"31b56ed\" data-element_type=\"section\" data-settings=\"{&quot;stretch_section&quot;:&quot;section-stretched&quot;}\">\n\t\t\t\t\t\t<div class=\"elementor-container elementor-column-gap-extended\">\n\t\t\t\t\t\t\t<div class=\"elementor-row\">\n\t\t\t\t\t<div class=\"elementor-column elementor-col-50 elementor-top-column elementor-element elementor-element-64405bb6 sc_inner_width_none sc_layouts_column_icons_position_left\" data-id=\"64405bb6\" data-element_type=\"column\">\n\t\t\t<div class=\"elementor-column-wrap elementor-element-populated\">\n\t\t\t\t\t\t\t<div class=\"elementor-widget-wrap\">\n\t\t\t\t\t\t<div class=\"elementor-element elementor-element-a93d0f5 sc_fly_static elementor-widget elementor-widget-trx_sc_recent_news\" data-id=\"a93d0f5\" data-element_type=\"widget\" data-widget_type=\"trx_sc_recent_news.default\">\n\t\t\t\t<div class=\"elementor-widget-container\">\n\t\t\t<div id=\"trx_sc_recent_news_1970359634\" class=\"sc_recent_news sc_recent_news_style_news-excerpt sc_recent_news_with_accented\"><article \n\tclass=\"post_item post_layout_news-excerpt post_format_standard post-7688 post type-post status-publish format-standard has-post-thumbnail hentry category-formation\"\t\t>\n\n\t<div class=\"post_featured with_thumb hover_simple\"><img width=\"260\" height=\"240\" src=\"https:\/\/ofccouronnes.com\/wp-content\/uploads\/2024\/02\/WhatsApp-Image-2024-02-25-at-17.41.58-260x240.jpeg\" class=\"attachment-fcunited-thumb-plain size-fcunited-thumb-plain wp-post-image\" alt=\"\" loading=\"lazy\" \/>\t\t\t\t\t\t<div class=\"mask\"><\/div>\n\t\t\t\t\t\t\t\t\t<a href=\"https:\/\/ofccouronnes.com\/?p=7688\"  aria-hidden=\"true\" class=\"icons\"><\/a>\n\t\t\t<\/div>\n\t<div class=\"post_body\">\n\n\t\t\t\t\t<div class=\"post_header entry-header\">\n\t\t\t\t\t\t<div class=\"post_meta\">\n\t\t\t<span class=\"post_meta_item post_categories\"><a href=\"https:\/\/ofccouronnes.com\/?cat=138\" rel=\"category\">Formation<\/a><\/span> <span class=\"post_meta_item post_date\"><a href=\"https:\/\/ofccouronnes.com\/?p=7688\">26 f\u00e9vrier 2024<\/a><\/span> \t\t<\/div><!-- .post_meta -->\n\t\t<h4 class=\"post_title entry-title\"><a href=\"https:\/\/ofccouronnes.com\/?p=7688\" rel=\"bookmark\">En route pour les 1\/4 de finale<\/a><\/h4>\t\t\t<\/div><!-- .entry-header -->\n\t\t\t\t\t\n\t\t<div class=\"post_content entry-content\">\n\t\t\tNos U18 ce sont qualifi\u00e9s ce dimanche sur le terrain de Maccabi de Paris aux termes d'une s\u00e9ance de tir au but.\n\nA la mi-temps notre&hellip;\t\t<\/div><!-- .entry-content -->\n\n\t<\/div><!-- .post_body -->\n\n<\/article><\/div><!-- \/.sc_recent_news -->\t\t<\/div>\n\t\t\t\t<\/div>\n\t\t\t\t<div class=\"elementor-element elementor-element-76f4b295 sc_fly_static elementor-widget elementor-widget-spacer\" data-id=\"76f4b295\" data-element_type=\"widget\" data-widget_type=\"spacer.default\">\n\t\t\t\t<div class=\"elementor-widget-container\">\n\t\t\t\t\t<div class=\"elementor-spacer\">\n\t\t\t<div class=\"elementor-spacer-inner\"><\/div>\n\t\t<\/div>\n\t\t\t\t<\/div>\n\t\t\t\t<\/div>\n\t\t\t\t<div class=\"elementor-element elementor-element-756e4a42 sc_fly_static elementor-widget elementor-widget-trx_sc_recent_news\" data-id=\"756e4a42\" data-element_type=\"widget\" data-widget_type=\"trx_sc_recent_news.default\">\n\t\t\t\t<div class=\"elementor-widget-container\">\n\t\t\t<div id=\"trx_sc_recent_news_107669632\" class=\"sc_recent_news sc_recent_news_style_news-excerpt sc_recent_news_with_accented\"><article \n\tclass=\"post_item post_layout_news-excerpt post_format_standard post-7649 post type-post status-publish format-standard has-post-thumbnail hentry category-club category-ecole-de-foot category-formation category-initiation-foot category-news category-pre-formation\"\t\t>\n\n\t<div class=\"post_featured with_thumb hover_simple\"><img width=\"260\" height=\"240\" src=\"https:\/\/ofccouronnes.com\/wp-content\/uploads\/2024\/01\/20240115_193614-260x240.png\" class=\"attachment-fcunited-thumb-plain size-fcunited-thumb-plain wp-post-image\" alt=\"\" loading=\"lazy\" \/>\t\t\t\t\t\t<div class=\"mask\"><\/div>\n\t\t\t\t\t\t\t\t\t<a href=\"https:\/\/ofccouronnes.com\/?p=7649\"  aria-hidden=\"true\" class=\"icons\"><\/a>\n\t\t\t<\/div>\n\t<div class=\"post_body\">\n\n\t\t\t\t\t<div class=\"post_header entry-header\">\n\t\t\t\t\t\t<div class=\"post_meta\">\n\t\t\t<span class=\"post_meta_item post_categories\"><a href=\"https:\/\/ofccouronnes.com\/?cat=142\" rel=\"category\">Club<\/a> <a href=\"https:\/\/ofccouronnes.com\/?cat=140\" rel=\"category\">\u00c9cole de foot<\/a> <a href=\"https:\/\/ofccouronnes.com\/?cat=138\" rel=\"category\">Formation<\/a> <a href=\"https:\/\/ofccouronnes.com\/?cat=141\" rel=\"category\">Initiation foot<\/a> <a href=\"https:\/\/ofccouronnes.com\/?cat=17\" rel=\"category\">News<\/a> <a href=\"https:\/\/ofccouronnes.com\/?cat=139\" rel=\"category\">Pr\u00e9-formation<\/a><\/span> <span class=\"post_meta_item post_date\"><a href=\"https:\/\/ofccouronnes.com\/?p=7649\">20 janvier 2024<\/a><\/span> \t\t<\/div><!-- .post_meta -->\n\t\t<h4 class=\"post_title entry-title\"><a href=\"https:\/\/ofccouronnes.com\/?p=7649\" rel=\"bookmark\">Label jeune espoir pour l&#8217;OFCC<\/a><\/h4>\t\t\t<\/div><!-- .entry-header -->\n\t\t\t\t\t\n\t\t<div class=\"post_content entry-content\">\n\t\t\tLe club \u00e0 r\u00e9ussi \u00e0 avoir le label jeune espoir d\u00e9livr\u00e9 par la F\u00e9d\u00e9ration Fran\u00e7aise de Football jusqu'en 2026. Cela vient r\u00e9compenser le travail du&hellip;\t\t<\/div><!-- .entry-content -->\n\n\t<\/div><!-- .post_body -->\n\n<\/article><\/div><!-- \/.sc_recent_news -->\t\t<\/div>\n\t\t\t\t<\/div>\n\t\t\t\t\t\t<\/div>\n\t\t\t\t\t<\/div>\n\t\t<\/div>\n\t\t\t\t<div class=\"elementor-column elementor-col-50 elementor-top-column elementor-element elementor-element-43ac73e7 sc_inner_width_none sc_layouts_column_icons_position_left\" data-id=\"43ac73e7\" data-element_type=\"column\">\n\t\t\t<div class=\"elementor-column-wrap elementor-element-populated\">\n\t\t\t\t\t\t\t<div class=\"elementor-widget-wrap\">\n\t\t\t\t\t\t<div class=\"elementor-element elementor-element-3560c70d sc_fly_static elementor-widget elementor-widget-trx_sc_recent_news\" data-id=\"3560c70d\" data-element_type=\"widget\" data-widget_type=\"trx_sc_recent_news.default\">\n\t\t\t\t<div class=\"elementor-widget-container\">\n\t\t\t<div id=\"trx_sc_recent_news_1458938583\" class=\"sc_recent_news sc_recent_news_style_news-excerpt sc_recent_news_with_accented\"><article \n\tclass=\"post_item post_layout_news-excerpt post_format_standard post-7391 post type-post status-publish format-standard has-post-thumbnail hentry category-formation\"\t\t>\n\n\t<div class=\"post_featured with_thumb hover_simple\"><img width=\"260\" height=\"240\" src=\"https:\/\/ofccouronnes.com\/wp-content\/uploads\/2023\/10\/WhatsApp-Image-2023-10-08-at-18.30.59-260x240.jpeg\" class=\"attachment-fcunited-thumb-plain size-fcunited-thumb-plain wp-post-image\" alt=\"\" loading=\"lazy\" \/>\t\t\t\t\t\t<div class=\"mask\"><\/div>\n\t\t\t\t\t\t\t\t\t<a href=\"https:\/\/ofccouronnes.com\/?p=7391\"  aria-hidden=\"true\" class=\"icons\"><\/a>\n\t\t\t<\/div>\n\t<div class=\"post_body\">\n\n\t\t\t\t\t<div class=\"post_header entry-header\">\n\t\t\t\t\t\t<div class=\"post_meta\">\n\t\t\t<span class=\"post_meta_item post_categories\"><a href=\"https:\/\/ofccouronnes.com\/?cat=138\" rel=\"category\">Formation<\/a><\/span> <span class=\"post_meta_item post_date\"><a href=\"https:\/\/ofccouronnes.com\/?p=7391\">9 octobre 2023<\/a><\/span> \t\t<\/div><!-- .post_meta -->\n\t\t<h4 class=\"post_title entry-title\"><a href=\"https:\/\/ofccouronnes.com\/?p=7391\" rel=\"bookmark\">Un floril\u00e9ge de but en U17<\/a><\/h4>\t\t\t<\/div><!-- .entry-header -->\n\t\t\t\t\t\n\t\t<div class=\"post_content entry-content\">\n\t\t\tNos U17 ce sont impos\u00e9s largement \u00e0 Herblay sur le score de 11 \u00e0 0. Belle victoire des hommes de Herminio, en plus \u00e0 l'ext\u00e9rieur.&hellip;\t\t<\/div><!-- .entry-content -->\n\n\t<\/div><!-- .post_body -->\n\n<\/article><\/div><!-- \/.sc_recent_news -->\t\t<\/div>\n\t\t\t\t<\/div>\n\t\t\t\t<div class=\"elementor-element elementor-element-2e01e182 sc_fly_static elementor-widget elementor-widget-spacer\" data-id=\"2e01e182\" data-element_type=\"widget\" data-widget_type=\"spacer.default\">\n\t\t\t\t<div class=\"elementor-widget-container\">\n\t\t\t\t\t<div class=\"elementor-spacer\">\n\t\t\t<div class=\"elementor-spacer-inner\"><\/div>\n\t\t<\/div>\n\t\t\t\t<\/div>\n\t\t\t\t<\/div>\n\t\t\t\t<div class=\"elementor-element elementor-element-3d850a23 sc_fly_static elementor-widget elementor-widget-trx_sc_recent_news\" data-id=\"3d850a23\" data-element_type=\"widget\" data-widget_type=\"trx_sc_recent_news.default\">\n\t\t\t\t<div class=\"elementor-widget-container\">\n\t\t\t<div id=\"trx_sc_recent_news_209995339\" class=\"sc_recent_news sc_recent_news_style_news-excerpt sc_recent_news_with_accented\"><article \n\tclass=\"post_item post_layout_news-excerpt post_format_standard post-6147 post type-post status-publish format-standard has-post-thumbnail hentry category-formation\"\t\t>\n\n\t<div class=\"post_featured with_thumb hover_simple\"><img width=\"225\" height=\"225\" src=\"https:\/\/ofccouronnes.com\/wp-content\/uploads\/2018\/11\/LPIFF.png\" class=\"attachment-fcunited-thumb-plain size-fcunited-thumb-plain wp-post-image\" alt=\"\" loading=\"lazy\" srcset=\"https:\/\/ofccouronnes.com\/wp-content\/uploads\/2018\/11\/LPIFF.png 225w, https:\/\/ofccouronnes.com\/wp-content\/uploads\/2018\/11\/LPIFF-150x150.png 150w, https:\/\/ofccouronnes.com\/wp-content\/uploads\/2018\/11\/LPIFF-32x32.png 32w, https:\/\/ofccouronnes.com\/wp-content\/uploads\/2018\/11\/LPIFF-90x90.png 90w\" sizes=\"(max-width: 225px) 100vw, 225px\" \/>\t\t\t\t\t\t<div class=\"mask\"><\/div>\n\t\t\t\t\t\t\t\t\t<a href=\"https:\/\/ofccouronnes.com\/?p=6147\"  aria-hidden=\"true\" class=\"icons\"><\/a>\n\t\t\t<\/div>\n\t<div class=\"post_body\">\n\n\t\t\t\t\t<div class=\"post_header entry-header\">\n\t\t\t\t\t\t<div class=\"post_meta\">\n\t\t\t<span class=\"post_meta_item post_categories\"><a href=\"https:\/\/ofccouronnes.com\/?cat=138\" rel=\"category\">Formation<\/a><\/span> <span class=\"post_meta_item post_date\"><a href=\"https:\/\/ofccouronnes.com\/?p=6147\">4 avril 2022<\/a><\/span> \t\t<\/div><!-- .post_meta -->\n\t\t<h4 class=\"post_title entry-title\"><a href=\"https:\/\/ofccouronnes.com\/?p=6147\" rel=\"bookmark\">Au bout de l&#8217;envie<\/a><\/h4>\t\t\t<\/div><!-- .entry-header -->\n\t\t\t\t\t\n\t\t<div class=\"post_content entry-content\">\n\t\t\tU16 R3 OFC Couronnes 4 - 1 AAS Sarcelles Buteur :  Keo, Reda, Abdoulaye, ian \u00a0 Nos U16 rafle une victoire importante dans l'optique&hellip;\t\t<\/div><!-- .entry-content -->\n\n\t<\/div><!-- .post_body -->\n\n<\/article><\/div><!-- \/.sc_recent_news -->\t\t<\/div>\n\t\t\t\t<\/div>\n\t\t\t\t\t\t<\/div>\n\t\t\t\t\t<\/div>\n\t\t<\/div>\n\t\t\t\t\t\t\t\t<\/div>\n\t\t\t\t\t<\/div>\n\t\t<\/section>\n\t\t\t\t<section class=\"elementor-section elementor-top-section elementor-element elementor-element-611c1f6 elementor-section-stretched elementor-section-full_width elementor-section-height-default elementor-section-height-default\" data-id=\"611c1f6\" data-element_type=\"section\" data-settings=\"{&quot;stretch_section&quot;:&quot;section-stretched&quot;}\">\n\t\t\t\t\t\t<div class=\"elementor-container elementor-column-gap-extended\">\n\t\t\t\t\t\t\t<div class=\"elementor-row\">\n\t\t\t\t\t<div class=\"elementor-column elementor-col-100 elementor-top-column elementor-element elementor-element-d4f5e7f sc_inner_width_none sc_layouts_column_icons_position_left\" data-id=\"d4f5e7f\" data-element_type=\"column\">\n\t\t\t<div class=\"elementor-column-wrap elementor-element-populated\">\n\t\t\t\t\t\t\t<div class=\"elementor-widget-wrap\">\n\t\t\t\t\t\t<div class=\"elementor-element elementor-element-0158a93 sc_fly_static elementor-widget elementor-widget-spacer\" data-id=\"0158a93\" data-element_type=\"widget\" data-widget_type=\"spacer.default\">\n\t\t\t\t<div class=\"elementor-widget-container\">\n\t\t\t\t\t<div class=\"elementor-spacer\">\n\t\t\t<div class=\"elementor-spacer-inner\"><\/div>\n\t\t<\/div>\n\t\t\t\t<\/div>\n\t\t\t\t<\/div>\n\t\t\t\t\t\t<\/div>\n\t\t\t\t\t<\/div>\n\t\t<\/div>\n\t\t\t\t\t\t\t\t<\/div>\n\t\t\t\t\t<\/div>\n\t\t<\/section>\n\t\t\t\t\t\t<\/div>\n\t\t\t\t\t\t<\/div>\n\t\t\t\t\t<\/div>\n\t\t","protected":false},"excerpt":{"rendered":"","protected":false},"author":1,"featured_media":0,"parent":0,"menu_order":0,"comment_status":"closed","ping_status":"closed","template":"","meta":[],"yoast_head":"<!-- This site is optimized with the Yoast SEO plugin v18.4.1 - https:\/\/yoast.com\/wordpress\/plugins\/seo\/ -->\n<title>Actualit\u00e9 Formation | OFC Couronnes | Site officiel de l&#039;OFCC<\/title>\n<meta name=\"robots\" content=\"index, follow, max-snippet:-1, max-image-preview:large, max-video-preview:-1\" \/>\n<link rel=\"canonical\" href=\"https:\/\/ofccouronnes.com\/?page_id=3068\" \/>\n<meta property=\"og:locale\" content=\"fr_FR\" \/>\n<meta property=\"og:type\" content=\"article\" \/>\n<meta property=\"og:title\" content=\"Actualit\u00e9 Formation | OFC Couronnes | Site officiel de l&#039;OFCC\" \/>\n<meta property=\"og:url\" content=\"https:\/\/ofccouronnes.com\/?page_id=3068\" \/>\n<meta property=\"og:site_name\" content=\"OFC Couronnes | Site officiel de l&#039;OFCC\" \/>\n<meta property=\"article:publisher\" content=\"https:\/\/fr-fr.facebook.com\/ofccouronnes\/\" \/>\n<meta property=\"article:modified_time\" content=\"2020-06-24T07:02:17+00:00\" \/>\n<meta property=\"og:image\" content=\"https:\/\/ofccouronnes.com\/wp-content\/uploads\/2020\/06\/Actualit\u00e9s-formation.png\" \/>\n<meta name=\"twitter:card\" content=\"summary_large_image\" \/>\n<meta name=\"twitter:site\" content=\"@ofccouronnes\" \/>\n<script type=\"application\/ld+json\" class=\"yoast-schema-graph\">{\"@context\":\"https:\/\/schema.org\",\"@graph\":[{\"@type\":\"Organization\",\"@id\":\"https:\/\/ofccouronnes.com\/#organization\",\"name\":\"OFC Couronnes | Site officiel de l'OFCC\",\"url\":\"https:\/\/ofccouronnes.com\/\",\"sameAs\":[\"https:\/\/fr-fr.facebook.com\/ofccouronnes\/\",\"https:\/\/www.instagram.com\/ofc_couronnes\/?hl=fr\",\"https:\/\/twitter.com\/ofccouronnes\"],\"logo\":{\"@type\":\"ImageObject\",\"@id\":\"https:\/\/ofccouronnes.com\/#logo\",\"inLanguage\":\"fr-FR\",\"url\":\"https:\/\/ofccouronnes.com\/wp-content\/uploads\/2020\/05\/LOGO_BLACK-2.png\",\"contentUrl\":\"https:\/\/ofccouronnes.com\/wp-content\/uploads\/2020\/05\/LOGO_BLACK-2.png\",\"width\":5148,\"height\":4410,\"caption\":\"OFC Couronnes | Site officiel de l'OFCC\"},\"image\":{\"@id\":\"https:\/\/ofccouronnes.com\/#logo\"}},{\"@type\":\"WebSite\",\"@id\":\"https:\/\/ofccouronnes.com\/#website\",\"url\":\"https:\/\/ofccouronnes.com\/\",\"name\":\"OFC Couronnes | Site officiel de l'OFCC\",\"description\":\"Une passion, une ambition, bien plus qu&#039;un club\",\"publisher\":{\"@id\":\"https:\/\/ofccouronnes.com\/#organization\"},\"potentialAction\":[{\"@type\":\"SearchAction\",\"target\":{\"@type\":\"EntryPoint\",\"urlTemplate\":\"https:\/\/ofccouronnes.com\/?s={search_term_string}\"},\"query-input\":\"required name=search_term_string\"}],\"inLanguage\":\"fr-FR\"},{\"@type\":\"ImageObject\",\"@id\":\"https:\/\/ofccouronnes.com\/?page_id=3068#primaryimage\",\"inLanguage\":\"fr-FR\",\"url\":\"https:\/\/ofccouronnes.com\/wp-content\/uploads\/2020\/06\/Actualit\u00e9s-formation.png\",\"contentUrl\":\"https:\/\/ofccouronnes.com\/wp-content\/uploads\/2020\/06\/Actualit\u00e9s-formation.png\",\"width\":3584,\"height\":324},{\"@type\":\"WebPage\",\"@id\":\"https:\/\/ofccouronnes.com\/?page_id=3068#webpage\",\"url\":\"https:\/\/ofccouronnes.com\/?page_id=3068\",\"name\":\"Actualit\u00e9 Formation | OFC Couronnes | Site officiel de l&#039;OFCC\",\"isPartOf\":{\"@id\":\"https:\/\/ofccouronnes.com\/#website\"},\"primaryImageOfPage\":{\"@id\":\"https:\/\/ofccouronnes.com\/?page_id=3068#primaryimage\"},\"datePublished\":\"2020-05-18T06:49:22+00:00\",\"dateModified\":\"2020-06-24T07:02:17+00:00\",\"breadcrumb\":{\"@id\":\"https:\/\/ofccouronnes.com\/?page_id=3068#breadcrumb\"},\"inLanguage\":\"fr-FR\",\"potentialAction\":[{\"@type\":\"ReadAction\",\"target\":[\"https:\/\/ofccouronnes.com\/?page_id=3068\"]}]},{\"@type\":\"BreadcrumbList\",\"@id\":\"https:\/\/ofccouronnes.com\/?page_id=3068#breadcrumb\",\"itemListElement\":[{\"@type\":\"ListItem\",\"position\":1,\"name\":\"Accueil\",\"item\":\"https:\/\/ofccouronnes.com\/\"},{\"@type\":\"ListItem\",\"position\":2,\"name\":\"Actualit\u00e9 Formation\"}]}]}<\/script>\n<!-- \/ Yoast SEO plugin. -->","yoast_head_json":{"title":"Actualit\u00e9 Formation | OFC Couronnes | Site officiel de l&#039;OFCC","robots":{"index":"index","follow":"follow","max-snippet":"max-snippet:-1","max-image-preview":"max-image-preview:large","max-video-preview":"max-video-preview:-1"},"canonical":"https:\/\/ofccouronnes.com\/?page_id=3068","og_locale":"fr_FR","og_type":"article","og_title":"Actualit\u00e9 Formation | OFC Couronnes | Site officiel de l&#039;OFCC","og_url":"https:\/\/ofccouronnes.com\/?page_id=3068","og_site_name":"OFC Couronnes | Site officiel de l&#039;OFCC","article_publisher":"https:\/\/fr-fr.facebook.com\/ofccouronnes\/","article_modified_time":"2020-06-24T07:02:17+00:00","og_image":[{"url":"https:\/\/ofccouronnes.com\/wp-content\/uploads\/2020\/06\/Actualit\u00e9s-formation.png"}],"twitter_card":"summary_large_image","twitter_site":"@ofccouronnes","schema":{"@context":"https:\/\/schema.org","@graph":[{"@type":"Organization","@id":"https:\/\/ofccouronnes.com\/#organization","name":"OFC Couronnes | Site officiel de l'OFCC","url":"https:\/\/ofccouronnes.com\/","sameAs":["https:\/\/fr-fr.facebook.com\/ofccouronnes\/","https:\/\/www.instagram.com\/ofc_couronnes\/?hl=fr","https:\/\/twitter.com\/ofccouronnes"],"logo":{"@type":"ImageObject","@id":"https:\/\/ofccouronnes.com\/#logo","inLanguage":"fr-FR","url":"https:\/\/ofccouronnes.com\/wp-content\/uploads\/2020\/05\/LOGO_BLACK-2.png","contentUrl":"https:\/\/ofccouronnes.com\/wp-content\/uploads\/2020\/05\/LOGO_BLACK-2.png","width":5148,"height":4410,"caption":"OFC Couronnes | Site officiel de l'OFCC"},"image":{"@id":"https:\/\/ofccouronnes.com\/#logo"}},{"@type":"WebSite","@id":"https:\/\/ofccouronnes.com\/#website","url":"https:\/\/ofccouronnes.com\/","name":"OFC Couronnes | Site officiel de l'OFCC","description":"Une passion, une ambition, bien plus qu&#039;un club","publisher":{"@id":"https:\/\/ofccouronnes.com\/#organization"},"potentialAction":[{"@type":"SearchAction","target":{"@type":"EntryPoint","urlTemplate":"https:\/\/ofccouronnes.com\/?s={search_term_string}"},"query-input":"required name=search_term_string"}],"inLanguage":"fr-FR"},{"@type":"ImageObject","@id":"https:\/\/ofccouronnes.com\/?page_id=3068#primaryimage","inLanguage":"fr-FR","url":"https:\/\/ofccouronnes.com\/wp-content\/uploads\/2020\/06\/Actualit\u00e9s-formation.png","contentUrl":"https:\/\/ofccouronnes.com\/wp-content\/uploads\/2020\/06\/Actualit\u00e9s-formation.png","width":3584,"height":324},{"@type":"WebPage","@id":"https:\/\/ofccouronnes.com\/?page_id=3068#webpage","url":"https:\/\/ofccouronnes.com\/?page_id=3068","name":"Actualit\u00e9 Formation | OFC Couronnes | Site officiel de l&#039;OFCC","isPartOf":{"@id":"https:\/\/ofccouronnes.com\/#website"},"primaryImageOfPage":{"@id":"https:\/\/ofccouronnes.com\/?page_id=3068#primaryimage"},"datePublished":"2020-05-18T06:49:22+00:00","dateModified":"2020-06-24T07:02:17+00:00","breadcrumb":{"@id":"https:\/\/ofccouronnes.com\/?page_id=3068#breadcrumb"},"inLanguage":"fr-FR","potentialAction":[{"@type":"ReadAction","target":["https:\/\/ofccouronnes.com\/?page_id=3068"]}]},{"@type":"BreadcrumbList","@id":"https:\/\/ofccouronnes.com\/?page_id=3068#breadcrumb","itemListElement":[{"@type":"ListItem","position":1,"name":"Accueil","item":"https:\/\/ofccouronnes.com\/"},{"@type":"ListItem","position":2,"name":"Actualit\u00e9 Formation"}]}]}},"_links":{"self":[{"href":"https:\/\/ofccouronnes.com\/index.php?rest_route=\/wp\/v2\/pages\/3068"}],"collection":[{"href":"https:\/\/ofccouronnes.com\/index.php?rest_route=\/wp\/v2\/pages"}],"about":[{"href":"https:\/\/ofccouronnes.com\/index.php?rest_route=\/wp\/v2\/types\/page"}],"author":[{"embeddable":true,"href":"https:\/\/ofccouronnes.com\/index.php?rest_route=\/wp\/v2\/users\/1"}],"replies":[{"embeddable":true,"href":"https:\/\/ofccouronnes.com\/index.php?rest_route=%2Fwp%2Fv2%2Fcomments&post=3068"}],"version-history":[{"count":12,"href":"https:\/\/ofccouronnes.com\/index.php?rest_route=\/wp\/v2\/pages\/3068\/revisions"}],"predecessor-version":[{"id":4283,"href":"https:\/\/ofccouronnes.com\/index.php?rest_route=\/wp\/v2\/pages\/3068\/revisions\/4283"}],"wp:attachment":[{"href":"https:\/\/ofccouronnes.com\/index.php?rest_route=%2Fwp%2Fv2%2Fmedia&parent=3068"}],"curies":[{"name":"wp","href":"https:\/\/api.w.org\/{rel}","templated":true}]}}