{"id":3026,"date":"2020-05-17T19:04:30","date_gmt":"2020-05-17T17:04:30","guid":{"rendered":"https:\/\/ofccouronnes.com\/?page_id=3026"},"modified":"2020-06-18T23:39:36","modified_gmt":"2020-06-18T21:39:36","slug":"histoire","status":"publish","type":"page","link":"https:\/\/ofccouronnes.com\/?page_id=3026","title":{"rendered":"Histoire"},"content":{"rendered":"\t\t<div data-elementor-type=\"wp-post\" data-elementor-id=\"3026\" class=\"elementor elementor-3026\" data-elementor-settings=\"[]\">\n\t\t\t\t\t\t<div class=\"elementor-inner\">\n\t\t\t\t\t\t\t<div class=\"elementor-section-wrap\">\n\t\t\t\t\t\t\t<section class=\"elementor-section elementor-top-section elementor-element elementor-element-3b782095 elementor-section-stretched elementor-section-full_width elementor-section-height-default elementor-section-height-default\" data-id=\"3b782095\" data-element_type=\"section\" data-settings=\"{&quot;stretch_section&quot;:&quot;section-stretched&quot;}\">\n\t\t\t\t\t\t\t<div class=\"elementor-background-overlay\"><\/div>\n\t\t\t\t\t\t\t<div class=\"elementor-container elementor-column-gap-extended\">\n\t\t\t\t\t\t\t<div class=\"elementor-row\">\n\t\t\t\t\t<div class=\"elementor-column elementor-col-100 elementor-top-column elementor-element elementor-element-4947d52e sc_inner_width_none sc_layouts_column_icons_position_left\" data-id=\"4947d52e\" data-element_type=\"column\">\n\t\t\t<div class=\"elementor-column-wrap elementor-element-populated\">\n\t\t\t\t\t\t\t<div class=\"elementor-widget-wrap\">\n\t\t\t\t\t\t<div class=\"elementor-element elementor-element-44fdb838 sc_fly_static elementor-widget elementor-widget-image\" data-id=\"44fdb838\" data-element_type=\"widget\" data-widget_type=\"image.default\">\n\t\t\t\t<div class=\"elementor-widget-container\">\n\t\t\t\t\t\t\t\t<div class=\"elementor-image\">\n\t\t\t\t\t\t\t\t\t\t\t\t<img width=\"3584\" height=\"324\" src=\"https:\/\/ofccouronnes.com\/wp-content\/uploads\/2020\/06\/Histoire-du-club.png\" class=\"attachment-full size-full\" alt=\"\" loading=\"lazy\" srcset=\"https:\/\/ofccouronnes.com\/wp-content\/uploads\/2020\/06\/Histoire-du-club.png 3584w, https:\/\/ofccouronnes.com\/wp-content\/uploads\/2020\/06\/Histoire-du-club-600x54.png 600w, https:\/\/ofccouronnes.com\/wp-content\/uploads\/2020\/06\/Histoire-du-club-300x27.png 300w, https:\/\/ofccouronnes.com\/wp-content\/uploads\/2020\/06\/Histoire-du-club-1024x93.png 1024w, https:\/\/ofccouronnes.com\/wp-content\/uploads\/2020\/06\/Histoire-du-club-768x69.png 768w, https:\/\/ofccouronnes.com\/wp-content\/uploads\/2020\/06\/Histoire-du-club-1536x139.png 1536w, https:\/\/ofccouronnes.com\/wp-content\/uploads\/2020\/06\/Histoire-du-club-2048x185.png 2048w, https:\/\/ofccouronnes.com\/wp-content\/uploads\/2020\/06\/Histoire-du-club-500x45.png 500w, https:\/\/ofccouronnes.com\/wp-content\/uploads\/2020\/06\/Histoire-du-club-400x36.png 400w, https:\/\/ofccouronnes.com\/wp-content\/uploads\/2020\/06\/Histoire-du-club-32x3.png 32w, https:\/\/ofccouronnes.com\/wp-content\/uploads\/2020\/06\/Histoire-du-club-370x33.png 370w, https:\/\/ofccouronnes.com\/wp-content\/uploads\/2020\/06\/Histoire-du-club-818x74.png 818w, https:\/\/ofccouronnes.com\/wp-content\/uploads\/2020\/06\/Histoire-du-club-406x37.png 406w\" sizes=\"(max-width: 3584px) 100vw, 3584px\" \/>\t\t\t\t\t\t\t\t\t\t\t\t\t\t<\/div>\n\t\t\t\t\t\t<\/div>\n\t\t\t\t<\/div>\n\t\t\t\t\t\t<\/div>\n\t\t\t\t\t<\/div>\n\t\t<\/div>\n\t\t\t\t\t\t\t\t<\/div>\n\t\t\t\t\t<\/div>\n\t\t<\/section>\n\t\t\t\t<section class=\"elementor-section elementor-top-section elementor-element elementor-element-1433c023 elementor-section-content-middle elementor-section-stretched elementor-section-boxed elementor-section-height-default elementor-section-height-default\" data-id=\"1433c023\" data-element_type=\"section\" data-settings=\"{&quot;background_background&quot;:&quot;classic&quot;,&quot;stretch_section&quot;:&quot;section-stretched&quot;}\">\n\t\t\t\t\t\t<div class=\"elementor-container elementor-column-gap-no\">\n\t\t\t\t\t\t\t<div class=\"elementor-row\">\n\t\t\t\t\t<div class=\"elementor-column elementor-col-100 elementor-top-column elementor-element elementor-element-3ec68864 sc_inner_width_none sc_layouts_column_icons_position_left\" data-id=\"3ec68864\" data-element_type=\"column\">\n\t\t\t<div class=\"elementor-column-wrap elementor-element-populated\">\n\t\t\t\t\t\t\t<div class=\"elementor-widget-wrap\">\n\t\t\t\t\t\t<div class=\"elementor-element elementor-element-7f1cc50b sc_fly_static elementor-widget elementor-widget-text-editor\" data-id=\"7f1cc50b\" data-element_type=\"widget\" data-widget_type=\"text-editor.default\">\n\t\t\t\t<div class=\"elementor-widget-container\">\n\t\t\t\t\t\t\t\t<div class=\"elementor-text-editor elementor-clearfix\">\n\t\t\t\t<p>L&#8217;Olympique Football Club de Couronnes, l&#8217;OFCC, \u00e0 vu le jour le 21 avril 2000 dans le quartier du 20e arrondissement de Paris nomm\u00e9 &#8220;Couronnes &#8220;. Le club est affili\u00e9 depuis lors \u00e0 la f\u00e9d\u00e9ration fran\u00e7aise de football sous le num\u00e9ro 548744.<\/p><p>Cr\u00e9er sous le statut d&#8217;association loi 1901, par Fran\u00e7ois X. Beau, David Mimoso et Fabrice Dartois, notre club \u00e9volue au sein du district\u00a0de la Seine-Saint-Denis (93) qui est rattach\u00e9 \u00e0 la ligue de Paris de football (L.P.I.F.F)<\/p><p>La seconde date marquante est le 17 septembre 2000, lorsque l&#8217;OFC Couronnes dispute le premier match officiel de sa premi\u00e8re\u00a0saison en championnat avec la premi\u00e8re \u00e9quipe de l&#8217;histoire du club, en cat\u00e9gorie S\u00e9niors.<\/p>\t\t\t\t\t<\/div>\n\t\t\t\t\t\t<\/div>\n\t\t\t\t<\/div>\n\t\t\t\t\t\t<\/div>\n\t\t\t\t\t<\/div>\n\t\t<\/div>\n\t\t\t\t\t\t\t\t<\/div>\n\t\t\t\t\t<\/div>\n\t\t<\/section>\n\t\t\t\t<section class=\"elementor-section elementor-top-section elementor-element elementor-element-21362bc elementor-section-stretched elementor-section-boxed elementor-section-height-default elementor-section-height-default\" data-id=\"21362bc\" data-element_type=\"section\" data-settings=\"{&quot;stretch_section&quot;:&quot;section-stretched&quot;}\">\n\t\t\t\t\t\t<div class=\"elementor-container elementor-column-gap-extended\">\n\t\t\t\t\t\t\t<div class=\"elementor-row\">\n\t\t\t\t\t<div class=\"elementor-column elementor-col-100 elementor-top-column elementor-element elementor-element-09090c6 sc_inner_width_none sc_layouts_column_icons_position_left\" data-id=\"09090c6\" data-element_type=\"column\">\n\t\t\t<div class=\"elementor-column-wrap elementor-element-populated\">\n\t\t\t\t\t\t\t<div class=\"elementor-widget-wrap\">\n\t\t\t\t\t\t<div class=\"elementor-element elementor-element-e9888fb elementor-widget-divider--view-line sc_fly_static elementor-widget elementor-widget-divider\" data-id=\"e9888fb\" data-element_type=\"widget\" data-widget_type=\"divider.default\">\n\t\t\t\t<div class=\"elementor-widget-container\">\n\t\t\t\t\t<div class=\"elementor-divider\">\n\t\t\t<span class=\"elementor-divider-separator\">\n\t\t\t\t\t\t<\/span>\n\t\t<\/div>\n\t\t\t\t<\/div>\n\t\t\t\t<\/div>\n\t\t\t\t<div class=\"elementor-element elementor-element-27dff01 sc_fly_static elementor-widget elementor-widget-spacer\" data-id=\"27dff01\" data-element_type=\"widget\" data-widget_type=\"spacer.default\">\n\t\t\t\t<div class=\"elementor-widget-container\">\n\t\t\t\t\t<div class=\"elementor-spacer\">\n\t\t\t<div class=\"elementor-spacer-inner\"><\/div>\n\t\t<\/div>\n\t\t\t\t<\/div>\n\t\t\t\t<\/div>\n\t\t\t\t\t\t<\/div>\n\t\t\t\t\t<\/div>\n\t\t<\/div>\n\t\t\t\t\t\t\t\t<\/div>\n\t\t\t\t\t<\/div>\n\t\t<\/section>\n\t\t\t\t<section class=\"elementor-section elementor-top-section elementor-element elementor-element-ab3eec8 elementor-section-boxed elementor-section-height-default elementor-section-height-default\" data-id=\"ab3eec8\" data-element_type=\"section\">\n\t\t\t\t\t\t<div class=\"elementor-container elementor-column-gap-extended\">\n\t\t\t\t\t\t\t<div class=\"elementor-row\">\n\t\t\t\t\t<div class=\"elementor-column elementor-col-25 elementor-top-column elementor-element elementor-element-7784758 sc_inner_width_none sc_layouts_column_icons_position_left\" data-id=\"7784758\" data-element_type=\"column\">\n\t\t\t<div class=\"elementor-column-wrap elementor-element-populated\">\n\t\t\t\t\t\t\t<div class=\"elementor-widget-wrap\">\n\t\t\t\t\t\t<div class=\"elementor-element elementor-element-7ffb5d9 sc_fly_static elementor-widget elementor-widget-image\" data-id=\"7ffb5d9\" data-element_type=\"widget\" data-widget_type=\"image.default\">\n\t\t\t\t<div class=\"elementor-widget-container\">\n\t\t\t\t\t\t\t\t<div class=\"elementor-image\">\n\t\t\t\t\t\t\t\t\t\t\t\t<img src=\"https:\/\/ofccouronnes.com\/wp-content\/uploads\/2020\/06\/logo.png\" title=\"\" alt=\"\" \/>\t\t\t\t\t\t\t\t\t\t\t\t\t\t<\/div>\n\t\t\t\t\t\t<\/div>\n\t\t\t\t<\/div>\n\t\t\t\t\t\t<\/div>\n\t\t\t\t\t<\/div>\n\t\t<\/div>\n\t\t\t\t<div class=\"elementor-column elementor-col-25 elementor-top-column elementor-element elementor-element-8f20efd sc_inner_width_none sc_layouts_column_icons_position_left\" data-id=\"8f20efd\" data-element_type=\"column\">\n\t\t\t<div class=\"elementor-column-wrap elementor-element-populated\">\n\t\t\t\t\t\t\t<div class=\"elementor-widget-wrap\">\n\t\t\t\t\t\t<div class=\"elementor-element elementor-element-1c5e23d sc_fly_static elementor-widget elementor-widget-image\" data-id=\"1c5e23d\" data-element_type=\"widget\" data-widget_type=\"image.default\">\n\t\t\t\t<div class=\"elementor-widget-container\">\n\t\t\t\t\t\t\t\t<div class=\"elementor-image\">\n\t\t\t\t\t\t\t\t\t\t\t\t<img src=\"https:\/\/ofccouronnes.com\/wp-content\/uploads\/2020\/06\/logo-copie.png\" title=\"\" alt=\"\" \/>\t\t\t\t\t\t\t\t\t\t\t\t\t\t<\/div>\n\t\t\t\t\t\t<\/div>\n\t\t\t\t<\/div>\n\t\t\t\t\t\t<\/div>\n\t\t\t\t\t<\/div>\n\t\t<\/div>\n\t\t\t\t<div class=\"elementor-column elementor-col-25 elementor-top-column elementor-element elementor-element-3c78d62 sc_inner_width_none sc_layouts_column_icons_position_left\" data-id=\"3c78d62\" data-element_type=\"column\">\n\t\t\t<div class=\"elementor-column-wrap elementor-element-populated\">\n\t\t\t\t\t\t\t<div class=\"elementor-widget-wrap\">\n\t\t\t\t\t\t<div class=\"elementor-element elementor-element-2b8cfa9 sc_fly_static elementor-widget elementor-widget-image\" data-id=\"2b8cfa9\" data-element_type=\"widget\" data-widget_type=\"image.default\">\n\t\t\t\t<div class=\"elementor-widget-container\">\n\t\t\t\t\t\t\t\t<div class=\"elementor-image\">\n\t\t\t\t\t\t\t\t\t\t\t\t<img src=\"https:\/\/ofccouronnes.com\/wp-content\/uploads\/2020\/06\/logo-copie-2.png\" title=\"\" alt=\"\" \/>\t\t\t\t\t\t\t\t\t\t\t\t\t\t<\/div>\n\t\t\t\t\t\t<\/div>\n\t\t\t\t<\/div>\n\t\t\t\t\t\t<\/div>\n\t\t\t\t\t<\/div>\n\t\t<\/div>\n\t\t\t\t<div class=\"elementor-column elementor-col-25 elementor-top-column elementor-element elementor-element-59723b0 sc_inner_width_none sc_layouts_column_icons_position_left\" data-id=\"59723b0\" data-element_type=\"column\">\n\t\t\t<div class=\"elementor-column-wrap elementor-element-populated\">\n\t\t\t\t\t\t\t<div class=\"elementor-widget-wrap\">\n\t\t\t\t\t\t<div class=\"elementor-element elementor-element-e136aba sc_fly_static elementor-widget elementor-widget-image\" data-id=\"e136aba\" data-element_type=\"widget\" data-widget_type=\"image.default\">\n\t\t\t\t<div class=\"elementor-widget-container\">\n\t\t\t\t\t\t\t\t<div class=\"elementor-image\">\n\t\t\t\t\t\t\t\t\t\t\t\t<img width=\"1024\" height=\"1024\" src=\"https:\/\/ofccouronnes.com\/wp-content\/uploads\/2020\/06\/logo-copie-3-1024x1024.png\" class=\"attachment-large size-large\" alt=\"\" loading=\"lazy\" srcset=\"https:\/\/ofccouronnes.com\/wp-content\/uploads\/2020\/06\/logo-copie-3-1024x1024.png 1024w, https:\/\/ofccouronnes.com\/wp-content\/uploads\/2020\/06\/logo-copie-3-300x300.png 300w, https:\/\/ofccouronnes.com\/wp-content\/uploads\/2020\/06\/logo-copie-3-150x150.png 150w, https:\/\/ofccouronnes.com\/wp-content\/uploads\/2020\/06\/logo-copie-3-600x600.png 600w, https:\/\/ofccouronnes.com\/wp-content\/uploads\/2020\/06\/logo-copie-3-768x768.png 768w, https:\/\/ofccouronnes.com\/wp-content\/uploads\/2020\/06\/logo-copie-3-500x500.png 500w, https:\/\/ofccouronnes.com\/wp-content\/uploads\/2020\/06\/logo-copie-3-400x400.png 400w, https:\/\/ofccouronnes.com\/wp-content\/uploads\/2020\/06\/logo-copie-3-32x32.png 32w, https:\/\/ofccouronnes.com\/wp-content\/uploads\/2020\/06\/logo-copie-3-370x370.png 370w, https:\/\/ofccouronnes.com\/wp-content\/uploads\/2020\/06\/logo-copie-3-90x90.png 90w, https:\/\/ofccouronnes.com\/wp-content\/uploads\/2020\/06\/logo-copie-3-818x818.png 818w, https:\/\/ofccouronnes.com\/wp-content\/uploads\/2020\/06\/logo-copie-3-406x406.png 406w, https:\/\/ofccouronnes.com\/wp-content\/uploads\/2020\/06\/logo-copie-3.png 1080w\" sizes=\"(max-width: 1024px) 100vw, 1024px\" \/>\t\t\t\t\t\t\t\t\t\t\t\t\t\t<\/div>\n\t\t\t\t\t\t<\/div>\n\t\t\t\t<\/div>\n\t\t\t\t\t\t<\/div>\n\t\t\t\t\t<\/div>\n\t\t<\/div>\n\t\t\t\t\t\t\t\t<\/div>\n\t\t\t\t\t<\/div>\n\t\t<\/section>\n\t\t\t\t<section class=\"elementor-section elementor-top-section elementor-element elementor-element-44d92b1 elementor-section-boxed elementor-section-height-default elementor-section-height-default\" data-id=\"44d92b1\" data-element_type=\"section\">\n\t\t\t\t\t\t<div class=\"elementor-container elementor-column-gap-extended\">\n\t\t\t\t\t\t\t<div class=\"elementor-row\">\n\t\t\t\t\t<div class=\"elementor-column elementor-col-100 elementor-top-column elementor-element elementor-element-e476d48 sc_inner_width_none sc_layouts_column_icons_position_left\" data-id=\"e476d48\" data-element_type=\"column\">\n\t\t\t<div class=\"elementor-column-wrap elementor-element-populated\">\n\t\t\t\t\t\t\t<div class=\"elementor-widget-wrap\">\n\t\t\t\t\t\t<div class=\"elementor-element elementor-element-0ea6400 sc_fly_static elementor-widget elementor-widget-spacer\" data-id=\"0ea6400\" data-element_type=\"widget\" data-widget_type=\"spacer.default\">\n\t\t\t\t<div class=\"elementor-widget-container\">\n\t\t\t\t\t<div class=\"elementor-spacer\">\n\t\t\t<div class=\"elementor-spacer-inner\"><\/div>\n\t\t<\/div>\n\t\t\t\t<\/div>\n\t\t\t\t<\/div>\n\t\t\t\t<div class=\"elementor-element elementor-element-ffb890b sc_fly_static elementor-widget elementor-widget-trx_sc_table\" data-id=\"ffb890b\" data-element_type=\"widget\" data-widget_type=\"trx_sc_table.default\">\n\t\t\t\t<div class=\"elementor-widget-container\">\n\t\t\t<div id=\"trx_sc_table_1076291443_wrap\" class=\"sc_table_wrap\"><div id=\"trx_sc_table_1076291443\"\r\n\t\t\tclass=\"sc_table sc_table_default trx_addons_inline_1871423650\"><table cellspacing=\"0\" summary=\"test\">\n\t<tr>\n\t\t<td>Nom du club<\/td>\n\t\t<td>OFC Couronnes<\/td>\n\t<\/tr>\n\t<tr>\n\t\t<td>Date de cr\u00e9ation<\/td>\n\t\t<td>21 avril 2000<\/td>\n\t<\/tr>\n\t<tr>\n\t\t<td>Couleur du club<\/td>\n\t\t<td>Noir \/ Blanc<\/td>\n\t<\/tr>\n\t<tr>\n\t\t<td>Premier pr\u00e9sident<\/td>\n\t\t<td>Fran\u00e7ois X. Beau<\/td>\n\t<\/tr>\n\t<tr>\n\t\t<td>Premi\u00e8re comp\u00e9tition<\/td>\n\t\t<td>21 septembre<\/td>\n\t<\/tr>\n\t<tr>\n\t\t<td>Premier titre en comp\u00e9tition<\/td>\n\t\t<td><\/td>\n\t<\/tr>\n<\/table><\/div><\/div><!-- \/.sc_table_wrap -->\t\t<\/div>\n\t\t\t\t<\/div>\n\t\t\t\t\t\t<\/div>\n\t\t\t\t\t<\/div>\n\t\t<\/div>\n\t\t\t\t\t\t\t\t<\/div>\n\t\t\t\t\t<\/div>\n\t\t<\/section>\n\t\t\t\t<section class=\"elementor-section elementor-top-section elementor-element elementor-element-66bbec8 elementor-section-boxed elementor-section-height-default elementor-section-height-default\" data-id=\"66bbec8\" data-element_type=\"section\">\n\t\t\t\t\t\t<div class=\"elementor-container elementor-column-gap-extended\">\n\t\t\t\t\t\t\t<div class=\"elementor-row\">\n\t\t\t\t\t<div class=\"elementor-column elementor-col-100 elementor-top-column elementor-element elementor-element-c34e4a5 sc_inner_width_none sc_layouts_column_icons_position_left\" data-id=\"c34e4a5\" data-element_type=\"column\">\n\t\t\t<div class=\"elementor-column-wrap elementor-element-populated\">\n\t\t\t\t\t\t\t<div class=\"elementor-widget-wrap\">\n\t\t\t\t\t\t<div class=\"elementor-element elementor-element-be46023 sc_fly_static elementor-widget elementor-widget-spacer\" data-id=\"be46023\" data-element_type=\"widget\" data-widget_type=\"spacer.default\">\n\t\t\t\t<div class=\"elementor-widget-container\">\n\t\t\t\t\t<div class=\"elementor-spacer\">\n\t\t\t<div class=\"elementor-spacer-inner\"><\/div>\n\t\t<\/div>\n\t\t\t\t<\/div>\n\t\t\t\t<\/div>\n\t\t\t\t\t\t<\/div>\n\t\t\t\t\t<\/div>\n\t\t<\/div>\n\t\t\t\t\t\t\t\t<\/div>\n\t\t\t\t\t<\/div>\n\t\t<\/section>\n\t\t\t\t\t\t<\/div>\n\t\t\t\t\t\t<\/div>\n\t\t\t\t\t<\/div>\n\t\t","protected":false},"excerpt":{"rendered":"<p>L&#8217;Olympique Football Club de Couronnes, l&#8217;OFCC, \u00e0 vu le jour le 21 avril 2000 dans le quartier du 20e arrondissement de Paris nomm\u00e9 &#8220;Couronnes &#8220;. Le club est affili\u00e9 depuis lors \u00e0 la f\u00e9d\u00e9ration fran\u00e7aise de football sous le&hellip;<\/p>\n","protected":false},"author":1,"featured_media":0,"parent":0,"menu_order":0,"comment_status":"closed","ping_status":"closed","template":"","meta":[],"yoast_head":"<!-- This site is optimized with the Yoast SEO plugin v18.4.1 - https:\/\/yoast.com\/wordpress\/plugins\/seo\/ -->\n<title>Histoire | OFC Couronnes | Site officiel de l&#039;OFCC<\/title>\n<meta name=\"robots\" content=\"index, follow, max-snippet:-1, max-image-preview:large, max-video-preview:-1\" \/>\n<link rel=\"canonical\" href=\"https:\/\/ofccouronnes.com\/?page_id=3026\" \/>\n<meta property=\"og:locale\" content=\"fr_FR\" \/>\n<meta property=\"og:type\" content=\"article\" \/>\n<meta property=\"og:title\" content=\"Histoire | OFC Couronnes | Site officiel de l&#039;OFCC\" \/>\n<meta property=\"og:description\" content=\"L&#8217;Olympique Football Club de Couronnes, l&#8217;OFCC, \u00e0 vu le jour le 21 avril 2000 dans le quartier du 20e arrondissement de Paris nomm\u00e9 &#8220;Couronnes &#8220;. Le club est affili\u00e9 depuis lors \u00e0 la f\u00e9d\u00e9ration fran\u00e7aise de football sous le&hellip;\" \/>\n<meta property=\"og:url\" content=\"https:\/\/ofccouronnes.com\/?page_id=3026\" \/>\n<meta property=\"og:site_name\" content=\"OFC Couronnes | Site officiel de l&#039;OFCC\" \/>\n<meta property=\"article:publisher\" content=\"https:\/\/fr-fr.facebook.com\/ofccouronnes\/\" \/>\n<meta property=\"article:modified_time\" content=\"2020-06-18T21:39:36+00:00\" \/>\n<meta property=\"og:image\" content=\"https:\/\/ofccouronnes.com\/wp-content\/uploads\/2020\/06\/Histoire-du-club.png\" \/>\n<meta name=\"twitter:card\" content=\"summary_large_image\" \/>\n<meta name=\"twitter:site\" content=\"@ofccouronnes\" \/>\n<meta name=\"twitter:label1\" content=\"Dur\u00e9e de lecture estim\u00e9e\" \/>\n\t<meta name=\"twitter:data1\" content=\"1 minute\" \/>\n<script type=\"application\/ld+json\" class=\"yoast-schema-graph\">{\"@context\":\"https:\/\/schema.org\",\"@graph\":[{\"@type\":\"Organization\",\"@id\":\"https:\/\/ofccouronnes.com\/#organization\",\"name\":\"OFC Couronnes | Site officiel de l'OFCC\",\"url\":\"https:\/\/ofccouronnes.com\/\",\"sameAs\":[\"https:\/\/fr-fr.facebook.com\/ofccouronnes\/\",\"https:\/\/www.instagram.com\/ofc_couronnes\/?hl=fr\",\"https:\/\/twitter.com\/ofccouronnes\"],\"logo\":{\"@type\":\"ImageObject\",\"@id\":\"https:\/\/ofccouronnes.com\/#logo\",\"inLanguage\":\"fr-FR\",\"url\":\"https:\/\/ofccouronnes.com\/wp-content\/uploads\/2020\/05\/LOGO_BLACK-2.png\",\"contentUrl\":\"https:\/\/ofccouronnes.com\/wp-content\/uploads\/2020\/05\/LOGO_BLACK-2.png\",\"width\":5148,\"height\":4410,\"caption\":\"OFC Couronnes | Site officiel de l'OFCC\"},\"image\":{\"@id\":\"https:\/\/ofccouronnes.com\/#logo\"}},{\"@type\":\"WebSite\",\"@id\":\"https:\/\/ofccouronnes.com\/#website\",\"url\":\"https:\/\/ofccouronnes.com\/\",\"name\":\"OFC Couronnes | Site officiel de l'OFCC\",\"description\":\"Une passion, une ambition, bien plus qu&#039;un club\",\"publisher\":{\"@id\":\"https:\/\/ofccouronnes.com\/#organization\"},\"potentialAction\":[{\"@type\":\"SearchAction\",\"target\":{\"@type\":\"EntryPoint\",\"urlTemplate\":\"https:\/\/ofccouronnes.com\/?s={search_term_string}\"},\"query-input\":\"required name=search_term_string\"}],\"inLanguage\":\"fr-FR\"},{\"@type\":\"ImageObject\",\"@id\":\"https:\/\/ofccouronnes.com\/?page_id=3026#primaryimage\",\"inLanguage\":\"fr-FR\",\"url\":\"https:\/\/ofccouronnes.com\/wp-content\/uploads\/2020\/06\/Histoire-du-club.png\",\"contentUrl\":\"https:\/\/ofccouronnes.com\/wp-content\/uploads\/2020\/06\/Histoire-du-club.png\",\"width\":3584,\"height\":324},{\"@type\":\"WebPage\",\"@id\":\"https:\/\/ofccouronnes.com\/?page_id=3026#webpage\",\"url\":\"https:\/\/ofccouronnes.com\/?page_id=3026\",\"name\":\"Histoire | OFC Couronnes | Site officiel de l&#039;OFCC\",\"isPartOf\":{\"@id\":\"https:\/\/ofccouronnes.com\/#website\"},\"primaryImageOfPage\":{\"@id\":\"https:\/\/ofccouronnes.com\/?page_id=3026#primaryimage\"},\"datePublished\":\"2020-05-17T17:04:30+00:00\",\"dateModified\":\"2020-06-18T21:39:36+00:00\",\"breadcrumb\":{\"@id\":\"https:\/\/ofccouronnes.com\/?page_id=3026#breadcrumb\"},\"inLanguage\":\"fr-FR\",\"potentialAction\":[{\"@type\":\"ReadAction\",\"target\":[\"https:\/\/ofccouronnes.com\/?page_id=3026\"]}]},{\"@type\":\"BreadcrumbList\",\"@id\":\"https:\/\/ofccouronnes.com\/?page_id=3026#breadcrumb\",\"itemListElement\":[{\"@type\":\"ListItem\",\"position\":1,\"name\":\"Accueil\",\"item\":\"https:\/\/ofccouronnes.com\/\"},{\"@type\":\"ListItem\",\"position\":2,\"name\":\"Histoire\"}]}]}<\/script>\n<!-- \/ Yoast SEO plugin. -->","yoast_head_json":{"title":"Histoire | OFC Couronnes | Site officiel de l&#039;OFCC","robots":{"index":"index","follow":"follow","max-snippet":"max-snippet:-1","max-image-preview":"max-image-preview:large","max-video-preview":"max-video-preview:-1"},"canonical":"https:\/\/ofccouronnes.com\/?page_id=3026","og_locale":"fr_FR","og_type":"article","og_title":"Histoire | OFC Couronnes | Site officiel de l&#039;OFCC","og_description":"L&#8217;Olympique Football Club de Couronnes, l&#8217;OFCC, \u00e0 vu le jour le 21 avril 2000 dans le quartier du 20e arrondissement de Paris nomm\u00e9 &#8220;Couronnes &#8220;. Le club est affili\u00e9 depuis lors \u00e0 la f\u00e9d\u00e9ration fran\u00e7aise de football sous le&hellip;","og_url":"https:\/\/ofccouronnes.com\/?page_id=3026","og_site_name":"OFC Couronnes | Site officiel de l&#039;OFCC","article_publisher":"https:\/\/fr-fr.facebook.com\/ofccouronnes\/","article_modified_time":"2020-06-18T21:39:36+00:00","og_image":[{"url":"https:\/\/ofccouronnes.com\/wp-content\/uploads\/2020\/06\/Histoire-du-club.png"}],"twitter_card":"summary_large_image","twitter_site":"@ofccouronnes","twitter_misc":{"Dur\u00e9e de lecture estim\u00e9e":"1 minute"},"schema":{"@context":"https:\/\/schema.org","@graph":[{"@type":"Organization","@id":"https:\/\/ofccouronnes.com\/#organization","name":"OFC Couronnes | Site officiel de l'OFCC","url":"https:\/\/ofccouronnes.com\/","sameAs":["https:\/\/fr-fr.facebook.com\/ofccouronnes\/","https:\/\/www.instagram.com\/ofc_couronnes\/?hl=fr","https:\/\/twitter.com\/ofccouronnes"],"logo":{"@type":"ImageObject","@id":"https:\/\/ofccouronnes.com\/#logo","inLanguage":"fr-FR","url":"https:\/\/ofccouronnes.com\/wp-content\/uploads\/2020\/05\/LOGO_BLACK-2.png","contentUrl":"https:\/\/ofccouronnes.com\/wp-content\/uploads\/2020\/05\/LOGO_BLACK-2.png","width":5148,"height":4410,"caption":"OFC Couronnes | Site officiel de l'OFCC"},"image":{"@id":"https:\/\/ofccouronnes.com\/#logo"}},{"@type":"WebSite","@id":"https:\/\/ofccouronnes.com\/#website","url":"https:\/\/ofccouronnes.com\/","name":"OFC Couronnes | Site officiel de l'OFCC","description":"Une passion, une ambition, bien plus qu&#039;un club","publisher":{"@id":"https:\/\/ofccouronnes.com\/#organization"},"potentialAction":[{"@type":"SearchAction","target":{"@type":"EntryPoint","urlTemplate":"https:\/\/ofccouronnes.com\/?s={search_term_string}"},"query-input":"required name=search_term_string"}],"inLanguage":"fr-FR"},{"@type":"ImageObject","@id":"https:\/\/ofccouronnes.com\/?page_id=3026#primaryimage","inLanguage":"fr-FR","url":"https:\/\/ofccouronnes.com\/wp-content\/uploads\/2020\/06\/Histoire-du-club.png","contentUrl":"https:\/\/ofccouronnes.com\/wp-content\/uploads\/2020\/06\/Histoire-du-club.png","width":3584,"height":324},{"@type":"WebPage","@id":"https:\/\/ofccouronnes.com\/?page_id=3026#webpage","url":"https:\/\/ofccouronnes.com\/?page_id=3026","name":"Histoire | OFC Couronnes | Site officiel de l&#039;OFCC","isPartOf":{"@id":"https:\/\/ofccouronnes.com\/#website"},"primaryImageOfPage":{"@id":"https:\/\/ofccouronnes.com\/?page_id=3026#primaryimage"},"datePublished":"2020-05-17T17:04:30+00:00","dateModified":"2020-06-18T21:39:36+00:00","breadcrumb":{"@id":"https:\/\/ofccouronnes.com\/?page_id=3026#breadcrumb"},"inLanguage":"fr-FR","potentialAction":[{"@type":"ReadAction","target":["https:\/\/ofccouronnes.com\/?page_id=3026"]}]},{"@type":"BreadcrumbList","@id":"https:\/\/ofccouronnes.com\/?page_id=3026#breadcrumb","itemListElement":[{"@type":"ListItem","position":1,"name":"Accueil","item":"https:\/\/ofccouronnes.com\/"},{"@type":"ListItem","position":2,"name":"Histoire"}]}]}},"_links":{"self":[{"href":"https:\/\/ofccouronnes.com\/index.php?rest_route=\/wp\/v2\/pages\/3026"}],"collection":[{"href":"https:\/\/ofccouronnes.com\/index.php?rest_route=\/wp\/v2\/pages"}],"about":[{"href":"https:\/\/ofccouronnes.com\/index.php?rest_route=\/wp\/v2\/types\/page"}],"author":[{"embeddable":true,"href":"https:\/\/ofccouronnes.com\/index.php?rest_route=\/wp\/v2\/users\/1"}],"replies":[{"embeddable":true,"href":"https:\/\/ofccouronnes.com\/index.php?rest_route=%2Fwp%2Fv2%2Fcomments&post=3026"}],"version-history":[{"count":13,"href":"https:\/\/ofccouronnes.com\/index.php?rest_route=\/wp\/v2\/pages\/3026\/revisions"}],"predecessor-version":[{"id":4249,"href":"https:\/\/ofccouronnes.com\/index.php?rest_route=\/wp\/v2\/pages\/3026\/revisions\/4249"}],"wp:attachment":[{"href":"https:\/\/ofccouronnes.com\/index.php?rest_route=%2Fwp%2Fv2%2Fmedia&parent=3026"}],"curies":[{"name":"wp","href":"https:\/\/api.w.org\/{rel}","templated":true}]}}